{"id":624,"date":"2022-07-13T02:31:18","date_gmt":"2022-07-13T02:31:18","guid":{"rendered":"http:\/\/luatminhhuy.com.vn\/?page_id=624"},"modified":"2022-07-13T02:32:30","modified_gmt":"2022-07-13T02:32:30","slug":"624-2","status":"publish","type":"page","link":"https:\/\/luatminhhuy.com.vn\/en\/624-2\/","title":{"rendered":"H\u1ecfi \u0110\u00e1p Ph\u00e1p Lu\u1eadt"},"content":{"rendered":"<p>[vc_row][vc_column][\/vc_column][\/vc_row][vc_row el_class=&#8221;home-3box&#8221;][vc_column width=&#8221;1\/3&#8243; el_class=&#8221;h3box-1&#8243;][vc_raw_html]JTNDZGl2JTIwY2xhc3MlM0QlMjJibG9jay1pY29uJTIyJTNFJTNDaSUyMGNsYXNzJTNEJTIyZmEtc29saWQlMjBmYS1zY2FsZS1iYWxhbmNlZCUyMiUzRSUzQyUyRmklM0UlM0MlMkZkaXYlM0UlMEElM0NkaXYlMjBjbGFzcyUzRCUyMmJsb2NrLXRpdGxlJTIyJTNFJTBBJTA5JTNDaDMlM0UlM0NhJTIwaHJlZiUzRCUyMmh0dHBzJTNBJTJGJTJGbHVhdG1pbmhodXkuY29tLnZuJTJGdHUtdmFuLXBoYXAtbHVhdCUyRmhpbmgtc3UlMkYlMjIlM0VIJUMzJUFDbmglMjBTJUUxJUJCJUIxJTNDJTJGYSUzRSUzQyUyRmgzJTNFJTBBJTA5JTNDcCUzRUglQzMlQUNuaCUyMHMlRTElQkIlQjElMjBsJUMzJUEwJTIwbSVFMSVCQiU5OXQlMjB0cm9uZyUyMG5oJUUxJUJCJUFGbmclMjBsJUM0JUE5bmglMjB2JUUxJUJCJUIxYyUyMGglRTElQkIlOERhdCUyMCVDNCU5MSVFMSVCQiU5OW5nJTIwY2glQzMlQURuaCUyMHYlQzMlQTAlMjBjJUM1JUE5bmclMjBsJUMzJUEwJTIwJUM0JTkxaSVFMSVCQiU4M20lMjBtJUUxJUJBJUExbmglMjBjJUUxJUJCJUE3YSUyMFYlQzQlODNuJTIwcGglQzMlQjJuZyUyMGx1JUUxJUJBJUFEdCUyMHMlQzYlQjAlMjBNaW5oJTIwSHV5JTNDJTJGcCUzRSUwQSUzQyUyRmRpdiUzRQ==[\/vc_raw_html][vc_raw_html]JTNDZGl2JTIwY2xhc3MlM0QlMjJibG9jay1pY29uJTIyJTNFJTNDaSUyMGNsYXNzJTNEJTIyZmEtc29saWQlMjBmYS1ob3VzZS1jaXJjbGUtY2hlY2slMjIlM0UlM0MlMkZpJTNFJTNDJTJGZGl2JTNFJTBBJTNDZGl2JTIwY2xhc3MlM0QlMjJibG9jay10aXRsZSUyMiUzRSUwQSUwOSUzQ2gzJTNFJTNDYSUyMGhyZWYlM0QlMjJodHRwcyUzQSUyRiUyRmx1YXRtaW5oaHV5LmNvbS52biUyRnR1LXZhbi1waGFwLWx1YXQlMkZkYXQtZGFpJTJGJTIyJTNFJUM0JTkwJUUxJUJBJUE1dCUyMCVDNCU5MWFpJTNDJTJGYSUzRSUzQyUyRmgzJTNFJTBBJTA5JTNDcCUzRVYlRTElQkIlOUJpJTIwbmhpJUUxJUJCJTgxdSUyMG4lQzQlODNtJTIwa2luaCUyMG5naGklRTElQkIlODdtJTIwdHJvbmclMjBsJUM0JUE5bmglMjB2JUUxJUJCJUIxYyUyMCVDNCU5MSVFMSVCQSVBNXQlMjAlQzQlOTFhaSUyQyUyMCVDNCU5MSVFMSVCQiU5OWklMjBuZyVDNSVBOSUyMGx1JUUxJUJBJUFEdCUyMHMlQzYlQjAlMjBjJUUxJUJCJUE3YSUyMHZwbHMlMjBNaW5oJTIwSHV5JTIwJUM0JTkxJUMzJUEzJTIwdGhhbSUyMGdpYSUyMGIlRTElQkElQTNvJTIwdiVFMSVCQiU4Ny4uLiUzQyUyRnAlM0UlMEElM0MlMkZkaXYlM0U=[\/vc_raw_html][\/vc_column][vc_column width=&#8221;1\/3&#8243; el_class=&#8221;h3box-2&#8243;][vc_raw_html]JTNDZGl2JTIwY2xhc3MlM0QlMjJibG9jay1pY29uJTIyJTNFJTNDaSUyMGNsYXNzJTNEJTIyZmEtc29saWQlMjBmYS1idWlsZGluZy1jb2x1bW5zJTIyJTNFJTNDJTJGaSUzRSUzQyUyRmRpdiUzRSUwQSUzQ2RpdiUyMGNsYXNzJTNEJTIyYmxvY2stdGl0bGUlMjIlM0UlMEElMDklM0NoMyUzRSUzQ2ElMjBocmVmJTNEJTIyaHR0cHMlM0ElMkYlMkZsdWF0bWluaGh1eS5jb20udm4lMkZ0dS12YW4tcGhhcC1sdWF0JTJGZGFuLXN1JTJGJTIyJTNFRCVDMyVBMm4lMjBTJUUxJUJCJUIxJTNDJTJGYSUzRSUzQyUyRmgzJTNFJTBBJTA5JTNDcCUzRVYlQzQlODNuJTIwcGglQzMlQjJuZyUyMGx1JUUxJUJBJUFEdCUyMHMlQzYlQjAlMjBNaW5oJTIwSHV5JTIwY3VuZyUyMGMlRTElQkElQTVwJTIwZCVFMSVCQiU4QmNoJTIwdiVFMSVCQiVBNSUyMHBoJUMzJUExcCUyMGwlQzMlQkQlMjB0cm9uZyUyMGwlQzQlQTluaCUyMHYlRTElQkIlQjFjJTIwRCVDMyVBMm4lMjBzJUUxJUJCJUIxJTIwbmglQzYlQjAlMjB0aCVFMSVCQiVBQmElMjBrJUUxJUJBJUJGJTJDJTIwJUM0JTkxJUUxJUJBJUE1dCUyMCVDNCU5MWFpJTJDJTIwaCVDMyVCNG4lMjBuaCVDMyVBMm4uLi4lM0MlMkZwJTNFJTBBJTNDJTJGZGl2JTNF[\/vc_raw_html][vc_raw_html]JTNDZGl2JTIwY2xhc3MlM0QlMjJibG9jay1pY29uJTIyJTNFJTNDaSUyMGNsYXNzJTNEJTIyZmEtc29saWQlMjBmYS11c2VycyUyMiUzRSUzQyUyRmklM0UlM0MlMkZkaXYlM0UlMEElM0NkaXYlMjBjbGFzcyUzRCUyMmJsb2NrLXRpdGxlJTIyJTNFJTBBJTA5JTNDaDMlM0UlM0NhJTIwaHJlZiUzRCUyMmh0dHBzJTNBJTJGJTJGbHVhdG1pbmhodXkuY29tLnZuJTJGdHUtdmFuLXBoYXAtbHVhdCUyRnRodWEta2UlMkYlMjIlM0VUaCVFMSVCQiVBQmElMjBrJUUxJUJBJUJGJTNDJTJGYSUzRSUzQyUyRmgzJTNFJTBBJTA5JTNDcCUzRVYlRTElQkIlOUJpJTIwbmhpJUUxJUJCJTgxdSUyMG4lQzQlODNtJTIwa2luaCUyMG5naGklRTElQkIlODdtJTIwdHJvbmclMjBsJUM0JUE5bmglMjB2JUUxJUJCJUIxYyUyMCVDNCU5MSVFMSVCQSVBNXQlMjAlQzQlOTFhaSUyQyUyMCVDNCU5MSVFMSVCQiU5OWklMjBuZyVDNSVBOSUyMGx1JUUxJUJBJUFEdCUyMHMlQzYlQjAlMjBjJUUxJUJCJUE3YSUyMHZwbHMlMjBNaW5oJTIwSHV5JTIwJUM0JTkxJUMzJUEzJTIwdGhhbSUyMGdpYSUyMGIlRTElQkElQTNvJTIwdiVFMSVCQiU4Ny4uLiUzQyUyRnAlM0UlMEElM0MlMkZkaXYlM0U=[\/vc_raw_html][\/vc_column][vc_column width=&#8221;1\/3&#8243;][vc_raw_html]JTNDZGl2JTIwY2xhc3MlM0QlMjJibG9jay1pY29uJTIyJTNFJTNDaSUyMGNsYXNzJTNEJTIyZmEtc29saWQlMjBmYS1oZWFydC1wdWxzZSUyMiUzRSUzQyUyRmklM0UlM0MlMkZkaXYlM0UlMEElM0NkaXYlMjBjbGFzcyUzRCUyMmJsb2NrLXRpdGxlJTIyJTNFJTBBJTA5JTNDaDMlM0UlM0NhJTIwaHJlZiUzRCUyMmh0dHBzJTNBJTJGJTJGbHVhdG1pbmhodXkuY29tLnZuJTJGdHUtdmFuLXBoYXAtbHVhdCUyRmhvbi1uaGFuLWdpYS1kaW5oJTJGJTIyJTNFSCVDMyVCNG4lMjBuaCVDMyVBMm4lMjBnaWElMjAlQzQlOTElQzMlQUNuaCUzQyUyRmElM0UlM0MlMkZoMyUzRSUwQSUwOSUzQ3AlM0VMdSVFMSVCQSVBRHQlMjBNaW5oJTIwSHV5JTIwJUM0JTkxJUMzJUEzJTIwYyVDMyVCMyUyMG5oaSVFMSVCQiU4MXUlMjBraW5oJTIwbmdoaSVFMSVCQiU4N20lMjB0cm9uZyUyMHglRTElQkIlQUQlMjBsJUMzJUJEJTIwYyVDMyVBMWMlMjB2JUUxJUJCJUE1JTIwbGklQzMlQUFuJTIwcXVhbiUyMCVDNCU5MSVFMSVCQSVCRm4lMjBoJUMzJUI0biUyMG5oJUMzJUEybiUyMGdpYSUyMCVDNCU5MSVDMyVBQ25oLi4uJTNDJTJGcCUzRSUwQSUzQyUyRmRpdiUzRQ==[\/vc_raw_html][vc_raw_html]JTNDZGl2JTIwY2xhc3MlM0QlMjJibG9jay1pY29uJTIyJTNFJTNDaSUyMGNsYXNzJTNEJTIyZmEtc29saWQlMjBmYS1icmllZmNhc2UlMjIlM0UlM0MlMkZpJTNFJTNDJTJGZGl2JTNFJTBBJTNDZGl2JTIwY2xhc3MlM0QlMjJibG9jay10aXRsZSUyMiUzRSUwQSUwOSUzQ2gzJTNFJTNDYSUyMGhyZWYlM0QlMjJodHRwcyUzQSUyRiUyRmx1YXRtaW5oaHV5LmNvbS52biUyRnR1LXZhbi1waGFwLWx1YXQlMkZkb2FuaC1uZ2hpZXAlMkYlMjIlM0VEb2FuaCUyMG5naGklRTElQkIlODdwJTNDJTJGYSUzRSUzQyUyRmgzJTNFJTBBJTA5JTNDcCUzRVZwbHMlMjBNaW5oJTIwSHV5JTIwbHUlQzMlQjRuJTIwcXVhbiUyMHQlQzMlQTJtJTIwJUM0JTkxJUUxJUJBJUJGbiUyMGMlQzMlQTFjJTIwdiVFMSVCQSVBNW4lMjAlQzQlOTElRTElQkIlODElMjBwaCVDMyVBMXAlMjBsJUMzJUJEJTIwYyVFMSVCQiVBN2ElMjBkb2FuaCUyMG5naGklRTElQkIlODdwJTIwJTIwJUM0JTkxJUUxJUJCJTgzJTIwJUM0JTkxJUM2JUIwYSUyMHJhJTIwYyVDMyVBMWMlMjBnaSVFMSVCQSVBM2klMjBwaCVDMyVBMXAlMjBwaCVDMyVBMXAlMjBsJUMzJUJEJTIwaGklRTElQkIlODd1JTIwcXUlRTElQkElQTMlM0MlMkZwJTNFJTBBJTNDJTJGZGl2JTNF[\/vc_raw_html][\/vc_column][\/vc_row]<\/p>\n","protected":false},"excerpt":{"rendered":"<p>[vc_row][vc_column][\/vc_column][\/vc_row][vc_row el_class=&#8221;home-3box&#8221;][vc_column width=&#8221;1\/3&#8243; el_class=&#8221;h3box-1&#8243;][vc_raw_html]JTNDZGl2JTIwY2xhc3MlM0QlMjJibG9jay1pY29uJTIyJTNFJTNDaSUyMGNsYXNzJTNEJTIyZmEtc29saWQlMjBmYS1zY2FsZS1iYWxhbmNlZCUyMiUzRSUzQyUyRmklM0UlM0MlMkZkaXYlM0UlMEElM0NkaXYlMjBjbGFzcyUzRCUyMmJsb2NrLXRpdGxlJTIyJTNFJTBBJTA5JTNDaDMlM0UlM0NhJTIwaHJlZiUzRCUyMmh0dHBzJTNBJTJGJTJGbHVhdG1pbmhodXkuY29tLnZuJTJGdHUtdmFuLXBoYXAtbHVhdCUyRmhpbmgtc3UlMkYlMjIlM0VIJUMzJUFDbmglMjBTJUUxJUJCJUIxJTNDJTJGYSUzRSUzQyUyRmgzJTNFJTBBJTA5JTNDcCUzRUglQzMlQUNuaCUyMHMlRTElQkIlQjElMjBsJUMzJUEwJTIwbSVFMSVCQiU5OXQlMjB0cm9uZyUyMG5oJUUxJUJCJUFGbmclMjBsJUM0JUE5bmglMjB2JUUxJUJCJUIxYyUyMGglRTElQkIlOERhdCUyMCVDNCU5MSVFMSVCQiU5OW5nJTIwY2glQzMlQURuaCUyMHYlQzMlQTAlMjBjJUM1JUE5bmclMjBsJUMzJUEwJTIwJUM0JTkxaSVFMSVCQiU4M20lMjBtJUUxJUJBJUExbmglMjBjJUUxJUJCJUE3YSUyMFYlQzQlODNuJTIwcGglQzMlQjJuZyUyMGx1JUUxJUJBJUFEdCUyMHMlQzYlQjAlMjBNaW5oJTIwSHV5JTNDJTJGcCUzRSUwQSUzQyUyRmRpdiUzRQ==[\/vc_raw_html][vc_raw_html]JTNDZGl2JTIwY2xhc3MlM0QlMjJibG9jay1pY29uJTIyJTNFJTNDaSUyMGNsYXNzJTNEJTIyZmEtc29saWQlMjBmYS1ob3VzZS1jaXJjbGUtY2hlY2slMjIlM0UlM0MlMkZpJTNFJTNDJTJGZGl2JTNFJTBBJTNDZGl2JTIwY2xhc3MlM0QlMjJibG9jay10aXRsZSUyMiUzRSUwQSUwOSUzQ2gzJTNFJTNDYSUyMGhyZWYlM0QlMjJodHRwcyUzQSUyRiUyRmx1YXRtaW5oaHV5LmNvbS52biUyRnR1LXZhbi1waGFwLWx1YXQlMkZkYXQtZGFpJTJGJTIyJTNFJUM0JTkwJUUxJUJBJUE1dCUyMCVDNCU5MWFpJTNDJTJGYSUzRSUzQyUyRmgzJTNFJTBBJTA5JTNDcCUzRVYlRTElQkIlOUJpJTIwbmhpJUUxJUJCJTgxdSUyMG4lQzQlODNtJTIwa2luaCUyMG5naGklRTElQkIlODdtJTIwdHJvbmclMjBsJUM0JUE5bmglMjB2JUUxJUJCJUIxYyUyMCVDNCU5MSVFMSVCQSVBNXQlMjAlQzQlOTFhaSUyQyUyMCVDNCU5MSVFMSVCQiU5OWklMjBuZyVDNSVBOSUyMGx1JUUxJUJBJUFEdCUyMHMlQzYlQjAlMjBjJUUxJUJCJUE3YSUyMHZwbHMlMjBNaW5oJTIwSHV5JTIwJUM0JTkxJUMzJUEzJTIwdGhhbSUyMGdpYSUyMGIlRTElQkElQTNvJTIwdiVFMSVCQiU4Ny4uLiUzQyUyRnAlM0UlMEElM0MlMkZkaXYlM0U=[\/vc_raw_html][\/vc_column][vc_column width=&#8221;1\/3&#8243; el_class=&#8221;h3box-2&#8243;][vc_raw_html]JTNDZGl2JTIwY2xhc3MlM0QlMjJibG9jay1pY29uJTIyJTNFJTNDaSUyMGNsYXNzJTNEJTIyZmEtc29saWQlMjBmYS1idWlsZGluZy1jb2x1bW5zJTIyJTNFJTNDJTJGaSUzRSUzQyUyRmRpdiUzRSUwQSUzQ2RpdiUyMGNsYXNzJTNEJTIyYmxvY2stdGl0bGUlMjIlM0UlMEElMDklM0NoMyUzRSUzQ2ElMjBocmVmJTNEJTIyaHR0cHMlM0ElMkYlMkZsdWF0bWluaGh1eS5jb20udm4lMkZ0dS12YW4tcGhhcC1sdWF0JTJGZGFuLXN1JTJGJTIyJTNFRCVDMyVBMm4lMjBTJUUxJUJCJUIxJTNDJTJGYSUzRSUzQyUyRmgzJTNFJTBBJTA5JTNDcCUzRVYlQzQlODNuJTIwcGglQzMlQjJuZyUyMGx1JUUxJUJBJUFEdCUyMHMlQzYlQjAlMjBNaW5oJTIwSHV5JTIwY3VuZyUyMGMlRTElQkElQTVwJTIwZCVFMSVCQiU4QmNoJTIwdiVFMSVCQiVBNSUyMHBoJUMzJUExcCUyMGwlQzMlQkQlMjB0cm9uZyUyMGwlQzQlQTluaCUyMHYlRTElQkIlQjFjJTIwRCVDMyVBMm4lMjBzJUUxJUJCJUIxJTIwbmglQzYlQjAlMjB0aCVFMSVCQiVBQmElMjBrJUUxJUJBJUJGJTJDJTIwJUM0JTkxJUUxJUJBJUE1dCUyMCVDNCU5MWFpJTJDJTIwaCVDMyVCNG4lMjBuaCVDMyVBMm4uLi4lM0MlMkZwJTNFJTBBJTNDJTJGZGl2JTNF[\/vc_raw_html][vc_raw_html]JTNDZGl2JTIwY2xhc3MlM0QlMjJibG9jay1pY29uJTIyJTNFJTNDaSUyMGNsYXNzJTNEJTIyZmEtc29saWQlMjBmYS11c2VycyUyMiUzRSUzQyUyRmklM0UlM0MlMkZkaXYlM0UlMEElM0NkaXYlMjBjbGFzcyUzRCUyMmJsb2NrLXRpdGxlJTIyJTNFJTBBJTA5JTNDaDMlM0UlM0NhJTIwaHJlZiUzRCUyMmh0dHBzJTNBJTJGJTJGbHVhdG1pbmhodXkuY29tLnZuJTJGdHUtdmFuLXBoYXAtbHVhdCUyRnRodWEta2UlMkYlMjIlM0VUaCVFMSVCQiVBQmElMjBrJUUxJUJBJUJGJTNDJTJGYSUzRSUzQyUyRmgzJTNFJTBBJTA5JTNDcCUzRVYlRTElQkIlOUJpJTIwbmhpJUUxJUJCJTgxdSUyMG4lQzQlODNtJTIwa2luaCUyMG5naGklRTElQkIlODdtJTIwdHJvbmclMjBsJUM0JUE5bmglMjB2JUUxJUJCJUIxYyUyMCVDNCU5MSVFMSVCQSVBNXQlMjAlQzQlOTFhaSUyQyUyMCVDNCU5MSVFMSVCQiU5OWklMjBuZyVDNSVBOSUyMGx1JUUxJUJBJUFEdCUyMHMlQzYlQjAlMjBjJUUxJUJCJUE3YSUyMHZwbHMlMjBNaW5oJTIwSHV5JTIwJUM0JTkxJUMzJUEzJTIwdGhhbSUyMGdpYSUyMGIlRTElQkElQTNvJTIwdiVFMSVCQiU4Ny4uLiUzQyUyRnAlM0UlMEElM0MlMkZkaXYlM0U=[\/vc_raw_html][\/vc_column][vc_column width=&#8221;1\/3&#8243;][vc_raw_html]JTNDZGl2JTIwY2xhc3MlM0QlMjJibG9jay1pY29uJTIyJTNFJTNDaSUyMGNsYXNzJTNEJTIyZmEtc29saWQlMjBmYS1oZWFydC1wdWxzZSUyMiUzRSUzQyUyRmklM0UlM0MlMkZkaXYlM0UlMEElM0NkaXYlMjBjbGFzcyUzRCUyMmJsb2NrLXRpdGxlJTIyJTNFJTBBJTA5JTNDaDMlM0UlM0NhJTIwaHJlZiUzRCUyMmh0dHBzJTNBJTJGJTJGbHVhdG1pbmhodXkuY29tLnZuJTJGdHUtdmFuLXBoYXAtbHVhdCUyRmhvbi1uaGFuLWdpYS1kaW5oJTJGJTIyJTNFSCVDMyVCNG4lMjBuaCVDMyVBMm4lMjBnaWElMjAlQzQlOTElQzMlQUNuaCUzQyUyRmElM0UlM0MlMkZoMyUzRSUwQSUwOSUzQ3AlM0VMdSVFMSVCQSVBRHQlMjBNaW5oJTIwSHV5JTIwJUM0JTkxJUMzJUEzJTIwYyVDMyVCMyUyMG5oaSVFMSVCQiU4MXUlMjBraW5oJTIwbmdoaSVFMSVCQiU4N20lMjB0cm9uZyUyMHglRTElQkIlQUQlMjBsJUMzJUJEJTIwYyVDMyVBMWMlMjB2JUUxJUJCJUE1JTIwbGklQzMlQUFuJTIwcXVhbiUyMCVDNCU5MSVFMSVCQSVCRm4lMjBoJUMzJUI0biUyMG5oJUMzJUEybiUyMGdpYSUyMCVDNCU5MSVDMyVBQ25oLi4uJTNDJTJGcCUzRSUwQSUzQyUyRmRpdiUzRQ==[\/vc_raw_html][vc_raw_html]JTNDZGl2JTIwY2xhc3MlM0QlMjJibG9jay1pY29uJTIyJTNFJTNDaSUyMGNsYXNzJTNEJTIyZmEtc29saWQlMjBmYS1icmllZmNhc2UlMjIlM0UlM0MlMkZpJTNFJTNDJTJGZGl2JTNFJTBBJTNDZGl2JTIwY2xhc3MlM0QlMjJibG9jay10aXRsZSUyMiUzRSUwQSUwOSUzQ2gzJTNFJTNDYSUyMGhyZWYlM0QlMjJodHRwcyUzQSUyRiUyRmx1YXRtaW5oaHV5LmNvbS52biUyRnR1LXZhbi1waGFwLWx1YXQlMkZkb2FuaC1uZ2hpZXAlMkYlMjIlM0VEb2FuaCUyMG5naGklRTElQkIlODdwJTNDJTJGYSUzRSUzQyUyRmgzJTNFJTBBJTA5JTNDcCUzRVZwbHMlMjBNaW5oJTIwSHV5JTIwbHUlQzMlQjRuJTIwcXVhbiUyMHQlQzMlQTJtJTIwJUM0JTkxJUUxJUJBJUJGbiUyMGMlQzMlQTFjJTIwdiVFMSVCQSVBNW4lMjAlQzQlOTElRTElQkIlODElMjBwaCVDMyVBMXAlMjBsJUMzJUJEJTIwYyVFMSVCQiVBN2ElMjBkb2FuaCUyMG5naGklRTElQkIlODdwJTIwJTIwJUM0JTkxJUUxJUJCJTgzJTIwJUM0JTkxJUM2JUIwYSUyMHJhJTIwYyVDMyVBMWMlMjBnaSVFMSVCQSVBM2klMjBwaCVDMyVBMXAlMjBwaCVDMyVBMXAlMjBsJUMzJUJEJTIwaGklRTElQkIlODd1JTIwcXUlRTElQkElQTMlM0MlMkZwJTNFJTBBJTNDJTJGZGl2JTNF[\/vc_raw_html][\/vc_column][\/vc_row]<\/p>\n","protected":false},"author":1,"featured_media":0,"parent":0,"menu_order":0,"comment_status":"closed","ping_status":"closed","template":"cms-page.php","meta":[],"translation":{"provider":"WPGlobus","version":"2.5.22","language":"en","enabled_languages":["vi","en"],"languages":{"vi":{"title":true,"content":true,"excerpt":false},"en":{"title":false,"content":false,"excerpt":false}}},"yoast_head":"<!-- This site is optimized with the Yoast SEO plugin v15.2 - https:\/\/yoast.com\/wordpress\/plugins\/seo\/ -->\n<title>H\u1ecfi \u0110\u00e1p Ph\u00e1p Lu\u1eadt - V\u0103n Ph\u00f2ng Lu\u1eadt S\u01b0 Minh Huy<\/title>\n<meta name=\"robots\" content=\"index, follow, max-snippet:-1, max-image-preview:large, max-video-preview:-1\" \/>\n<link rel=\"canonical\" href=\"https:\/\/luatminhhuy.com.vn\/624-2\/\" \/>\n<meta property=\"og:locale\" content=\"en_US\" \/>\n<meta property=\"og:type\" content=\"article\" \/>\n<meta property=\"og:title\" content=\"H\u1ecfi \u0110\u00e1p Ph\u00e1p Lu\u1eadt - V\u0103n Ph\u00f2ng Lu\u1eadt S\u01b0 Minh Huy\" \/>\n<meta property=\"og:description\" content=\"[vc_row][vc_column][\/vc_column][\/vc_row][vc_row el_class=&#8221;home-3box&#8221;][vc_column width=&#8221;1\/3&#8243; el_class=&#8221;h3box-1&#8243;][vc_raw_html]JTNDZGl2JTIwY2xhc3MlM0QlMjJibG9jay1pY29uJTIyJTNFJTNDaSUyMGNsYXNzJTNEJTIyZmEtc29saWQlMjBmYS1zY2FsZS1iYWxhbmNlZCUyMiUzRSUzQyUyRmklM0UlM0MlMkZkaXYlM0UlMEElM0NkaXYlMjBjbGFzcyUzRCUyMmJsb2NrLXRpdGxlJTIyJTNFJTBBJTA5JTNDaDMlM0UlM0NhJTIwaHJlZiUzRCUyMmh0dHBzJTNBJTJGJTJGbHVhdG1pbmhodXkuY29tLnZuJTJGdHUtdmFuLXBoYXAtbHVhdCUyRmhpbmgtc3UlMkYlMjIlM0VIJUMzJUFDbmglMjBTJUUxJUJCJUIxJTNDJTJGYSUzRSUzQyUyRmgzJTNFJTBBJTA5JTNDcCUzRUglQzMlQUNuaCUyMHMlRTElQkIlQjElMjBsJUMzJUEwJTIwbSVFMSVCQiU5OXQlMjB0cm9uZyUyMG5oJUUxJUJCJUFGbmclMjBsJUM0JUE5bmglMjB2JUUxJUJCJUIxYyUyMGglRTElQkIlOERhdCUyMCVDNCU5MSVFMSVCQiU5OW5nJTIwY2glQzMlQURuaCUyMHYlQzMlQTAlMjBjJUM1JUE5bmclMjBsJUMzJUEwJTIwJUM0JTkxaSVFMSVCQiU4M20lMjBtJUUxJUJBJUExbmglMjBjJUUxJUJCJUE3YSUyMFYlQzQlODNuJTIwcGglQzMlQjJuZyUyMGx1JUUxJUJBJUFEdCUyMHMlQzYlQjAlMjBNaW5oJTIwSHV5JTNDJTJGcCUzRSUwQSUzQyUyRmRpdiUzRQ==[\/vc_raw_html][vc_raw_html]JTNDZGl2JTIwY2xhc3MlM0QlMjJibG9jay1pY29uJTIyJTNFJTNDaSUyMGNsYXNzJTNEJTIyZmEtc29saWQlMjBmYS1ob3VzZS1jaXJjbGUtY2hlY2slMjIlM0UlM0MlMkZpJTNFJTNDJTJGZGl2JTNFJTBBJTNDZGl2JTIwY2xhc3MlM0QlMjJibG9jay10aXRsZSUyMiUzRSUwQSUwOSUzQ2gzJTNFJTNDYSUyMGhyZWYlM0QlMjJodHRwcyUzQSUyRiUyRmx1YXRtaW5oaHV5LmNvbS52biUyRnR1LXZhbi1waGFwLWx1YXQlMkZkYXQtZGFpJTJGJTIyJTNFJUM0JTkwJUUxJUJBJUE1dCUyMCVDNCU5MWFpJTNDJTJGYSUzRSUzQyUyRmgzJTNFJTBBJTA5JTNDcCUzRVYlRTElQkIlOUJpJTIwbmhpJUUxJUJCJTgxdSUyMG4lQzQlODNtJTIwa2luaCUyMG5naGklRTElQkIlODdtJTIwdHJvbmclMjBsJUM0JUE5bmglMjB2JUUxJUJCJUIxYyUyMCVDNCU5MSVFMSVCQSVBNXQlMjAlQzQlOTFhaSUyQyUyMCVDNCU5MSVFMSVCQiU5OWklMjBuZyVDNSVBOSUyMGx1JUUxJUJBJUFEdCUyMHMlQzYlQjAlMjBjJUUxJUJCJUE3YSUyMHZwbHMlMjBNaW5oJTIwSHV5JTIwJUM0JTkxJUMzJUEzJTIwdGhhbSUyMGdpYSUyMGIlRTElQkElQTNvJTIwdiVFMSVCQiU4Ny4uLiUzQyUyRnAlM0UlMEElM0MlMkZkaXYlM0U=[\/vc_raw_html][\/vc_column][vc_column width=&#8221;1\/3&#8243; el_class=&#8221;h3box-2&#8243;][vc_raw_html]JTNDZGl2JTIwY2xhc3MlM0QlMjJibG9jay1pY29uJTIyJTNFJTNDaSUyMGNsYXNzJTNEJTIyZmEtc29saWQlMjBmYS1idWlsZGluZy1jb2x1bW5zJTIyJTNFJTNDJTJGaSUzRSUzQyUyRmRpdiUzRSUwQSUzQ2RpdiUyMGNsYXNzJTNEJTIyYmxvY2stdGl0bGUlMjIlM0UlMEElMDklM0NoMyUzRSUzQ2ElMjBocmVmJTNEJTIyaHR0cHMlM0ElMkYlMkZsdWF0bWluaGh1eS5jb20udm4lMkZ0dS12YW4tcGhhcC1sdWF0JTJGZGFuLXN1JTJGJTIyJTNFRCVDMyVBMm4lMjBTJUUxJUJCJUIxJTNDJTJGYSUzRSUzQyUyRmgzJTNFJTBBJTA5JTNDcCUzRVYlQzQlODNuJTIwcGglQzMlQjJuZyUyMGx1JUUxJUJBJUFEdCUyMHMlQzYlQjAlMjBNaW5oJTIwSHV5JTIwY3VuZyUyMGMlRTElQkElQTVwJTIwZCVFMSVCQiU4QmNoJTIwdiVFMSVCQiVBNSUyMHBoJUMzJUExcCUyMGwlQzMlQkQlMjB0cm9uZyUyMGwlQzQlQTluaCUyMHYlRTElQkIlQjFjJTIwRCVDMyVBMm4lMjBzJUUxJUJCJUIxJTIwbmglQzYlQjAlMjB0aCVFMSVCQiVBQmElMjBrJUUxJUJBJUJGJTJDJTIwJUM0JTkxJUUxJUJBJUE1dCUyMCVDNCU5MWFpJTJDJTIwaCVDMyVCNG4lMjBuaCVDMyVBMm4uLi4lM0MlMkZwJTNFJTBBJTNDJTJGZGl2JTNF[\/vc_raw_html][vc_raw_html]JTNDZGl2JTIwY2xhc3MlM0QlMjJibG9jay1pY29uJTIyJTNFJTNDaSUyMGNsYXNzJTNEJTIyZmEtc29saWQlMjBmYS11c2VycyUyMiUzRSUzQyUyRmklM0UlM0MlMkZkaXYlM0UlMEElM0NkaXYlMjBjbGFzcyUzRCUyMmJsb2NrLXRpdGxlJTIyJTNFJTBBJTA5JTNDaDMlM0UlM0NhJTIwaHJlZiUzRCUyMmh0dHBzJTNBJTJGJTJGbHVhdG1pbmhodXkuY29tLnZuJTJGdHUtdmFuLXBoYXAtbHVhdCUyRnRodWEta2UlMkYlMjIlM0VUaCVFMSVCQiVBQmElMjBrJUUxJUJBJUJGJTNDJTJGYSUzRSUzQyUyRmgzJTNFJTBBJTA5JTNDcCUzRVYlRTElQkIlOUJpJTIwbmhpJUUxJUJCJTgxdSUyMG4lQzQlODNtJTIwa2luaCUyMG5naGklRTElQkIlODdtJTIwdHJvbmclMjBsJUM0JUE5bmglMjB2JUUxJUJCJUIxYyUyMCVDNCU5MSVFMSVCQSVBNXQlMjAlQzQlOTFhaSUyQyUyMCVDNCU5MSVFMSVCQiU5OWklMjBuZyVDNSVBOSUyMGx1JUUxJUJBJUFEdCUyMHMlQzYlQjAlMjBjJUUxJUJCJUE3YSUyMHZwbHMlMjBNaW5oJTIwSHV5JTIwJUM0JTkxJUMzJUEzJTIwdGhhbSUyMGdpYSUyMGIlRTElQkElQTNvJTIwdiVFMSVCQiU4Ny4uLiUzQyUyRnAlM0UlMEElM0MlMkZkaXYlM0U=[\/vc_raw_html][\/vc_column][vc_column width=&#8221;1\/3&#8243;][vc_raw_html]JTNDZGl2JTIwY2xhc3MlM0QlMjJibG9jay1pY29uJTIyJTNFJTNDaSUyMGNsYXNzJTNEJTIyZmEtc29saWQlMjBmYS1oZWFydC1wdWxzZSUyMiUzRSUzQyUyRmklM0UlM0MlMkZkaXYlM0UlMEElM0NkaXYlMjBjbGFzcyUzRCUyMmJsb2NrLXRpdGxlJTIyJTNFJTBBJTA5JTNDaDMlM0UlM0NhJTIwaHJlZiUzRCUyMmh0dHBzJTNBJTJGJTJGbHVhdG1pbmhodXkuY29tLnZuJTJGdHUtdmFuLXBoYXAtbHVhdCUyRmhvbi1uaGFuLWdpYS1kaW5oJTJGJTIyJTNFSCVDMyVCNG4lMjBuaCVDMyVBMm4lMjBnaWElMjAlQzQlOTElQzMlQUNuaCUzQyUyRmElM0UlM0MlMkZoMyUzRSUwQSUwOSUzQ3AlM0VMdSVFMSVCQSVBRHQlMjBNaW5oJTIwSHV5JTIwJUM0JTkxJUMzJUEzJTIwYyVDMyVCMyUyMG5oaSVFMSVCQiU4MXUlMjBraW5oJTIwbmdoaSVFMSVCQiU4N20lMjB0cm9uZyUyMHglRTElQkIlQUQlMjBsJUMzJUJEJTIwYyVDMyVBMWMlMjB2JUUxJUJCJUE1JTIwbGklQzMlQUFuJTIwcXVhbiUyMCVDNCU5MSVFMSVCQSVCRm4lMjBoJUMzJUI0biUyMG5oJUMzJUEybiUyMGdpYSUyMCVDNCU5MSVDMyVBQ25oLi4uJTNDJTJGcCUzRSUwQSUzQyUyRmRpdiUzRQ==[\/vc_raw_html][vc_raw_html]JTNDZGl2JTIwY2xhc3MlM0QlMjJibG9jay1pY29uJTIyJTNFJTNDaSUyMGNsYXNzJTNEJTIyZmEtc29saWQlMjBmYS1icmllZmNhc2UlMjIlM0UlM0MlMkZpJTNFJTNDJTJGZGl2JTNFJTBBJTNDZGl2JTIwY2xhc3MlM0QlMjJibG9jay10aXRsZSUyMiUzRSUwQSUwOSUzQ2gzJTNFJTNDYSUyMGhyZWYlM0QlMjJodHRwcyUzQSUyRiUyRmx1YXRtaW5oaHV5LmNvbS52biUyRnR1LXZhbi1waGFwLWx1YXQlMkZkb2FuaC1uZ2hpZXAlMkYlMjIlM0VEb2FuaCUyMG5naGklRTElQkIlODdwJTNDJTJGYSUzRSUzQyUyRmgzJTNFJTBBJTA5JTNDcCUzRVZwbHMlMjBNaW5oJTIwSHV5JTIwbHUlQzMlQjRuJTIwcXVhbiUyMHQlQzMlQTJtJTIwJUM0JTkxJUUxJUJBJUJGbiUyMGMlQzMlQTFjJTIwdiVFMSVCQSVBNW4lMjAlQzQlOTElRTElQkIlODElMjBwaCVDMyVBMXAlMjBsJUMzJUJEJTIwYyVFMSVCQiVBN2ElMjBkb2FuaCUyMG5naGklRTElQkIlODdwJTIwJTIwJUM0JTkxJUUxJUJCJTgzJTIwJUM0JTkxJUM2JUIwYSUyMHJhJTIwYyVDMyVBMWMlMjBnaSVFMSVCQSVBM2klMjBwaCVDMyVBMXAlMjBwaCVDMyVBMXAlMjBsJUMzJUJEJTIwaGklRTElQkIlODd1JTIwcXUlRTElQkElQTMlM0MlMkZwJTNFJTBBJTNDJTJGZGl2JTNF[\/vc_raw_html][\/vc_column][\/vc_row]\" \/>\n<meta property=\"og:url\" content=\"https:\/\/luatminhhuy.com.vn\/624-2\/\" \/>\n<meta property=\"og:site_name\" content=\"V\u0103n Ph\u00f2ng Lu\u1eadt S\u01b0 Minh Huy\" \/>\n<meta property=\"article:publisher\" content=\"https:\/\/www.facebook.com\/Facovietnam\/\" \/>\n<meta property=\"article:modified_time\" content=\"2022-07-13T02:32:30+00:00\" \/>\n<meta name=\"twitter:card\" content=\"summary_large_image\" \/>\n<meta name=\"twitter:label1\" value=\"Written by\">\n\t<meta name=\"twitter:data1\" value=\"Minh Huy\">\n\t<meta name=\"twitter:label2\" value=\"Est. reading time\">\n\t<meta name=\"twitter:data2\" value=\"1 minute\">\n<script type=\"application\/ld+json\" class=\"yoast-schema-graph\">{\"@context\":\"https:\/\/schema.org\",\"@graph\":[{\"@type\":\"WebSite\",\"@id\":\"https:\/\/luatminhhuy.com.vn\/#website\",\"url\":\"https:\/\/luatminhhuy.com.vn\/\",\"name\":\"V\\u0103n Ph\\u00f2ng Lu\\u1eadt S\\u01b0 Minh Huy\",\"description\":\"\",\"potentialAction\":[{\"@type\":\"SearchAction\",\"target\":\"https:\/\/luatminhhuy.com.vn\/?s={search_term_string}\",\"query-input\":\"required name=search_term_string\"}],\"inLanguage\":\"en-US\"},{\"@type\":\"WebPage\",\"@id\":\"https:\/\/luatminhhuy.com.vn\/624-2\/#webpage\",\"url\":\"https:\/\/luatminhhuy.com.vn\/624-2\/\",\"name\":\"H\\u1ecfi \\u0110\\u00e1p Ph\\u00e1p Lu\\u1eadt - V\\u0103n Ph\\u00f2ng Lu\\u1eadt S\\u01b0 Minh Huy\",\"isPartOf\":{\"@id\":\"https:\/\/luatminhhuy.com.vn\/#website\"},\"datePublished\":\"2022-07-13T02:31:18+00:00\",\"dateModified\":\"2022-07-13T02:32:30+00:00\",\"breadcrumb\":{\"@id\":\"https:\/\/luatminhhuy.com.vn\/624-2\/#breadcrumb\"},\"inLanguage\":\"en-US\",\"potentialAction\":[{\"@type\":\"ReadAction\",\"target\":[\"https:\/\/luatminhhuy.com.vn\/624-2\/\"]}]},{\"@type\":\"BreadcrumbList\",\"@id\":\"https:\/\/luatminhhuy.com.vn\/624-2\/#breadcrumb\",\"itemListElement\":[{\"@type\":\"ListItem\",\"position\":1,\"item\":{\"@type\":\"WebPage\",\"@id\":\"https:\/\/luatminhhuy.com.vn\/\",\"url\":\"https:\/\/luatminhhuy.com.vn\/\",\"name\":\"Trang ch\\u1ee7\"}},{\"@type\":\"ListItem\",\"position\":2,\"item\":{\"@type\":\"WebPage\",\"@id\":\"https:\/\/luatminhhuy.com.vn\/624-2\/\",\"url\":\"https:\/\/luatminhhuy.com.vn\/624-2\/\",\"name\":\"H\\u1ecfi \\u0110\\u00e1p Ph\\u00e1p Lu\\u1eadt\"}}]}]}<\/script>\n<!-- \/ Yoast SEO plugin. -->","_links":{"self":[{"href":"https:\/\/luatminhhuy.com.vn\/en\/wp-json\/wp\/v2\/pages\/624"}],"collection":[{"href":"https:\/\/luatminhhuy.com.vn\/en\/wp-json\/wp\/v2\/pages"}],"about":[{"href":"https:\/\/luatminhhuy.com.vn\/en\/wp-json\/wp\/v2\/types\/page"}],"author":[{"embeddable":true,"href":"https:\/\/luatminhhuy.com.vn\/en\/wp-json\/wp\/v2\/users\/1"}],"replies":[{"embeddable":true,"href":"https:\/\/luatminhhuy.com.vn\/en\/wp-json\/wp\/v2\/comments?post=624"}],"version-history":[{"count":2,"href":"https:\/\/luatminhhuy.com.vn\/en\/wp-json\/wp\/v2\/pages\/624\/revisions"}],"predecessor-version":[{"id":626,"href":"https:\/\/luatminhhuy.com.vn\/en\/wp-json\/wp\/v2\/pages\/624\/revisions\/626"}],"wp:attachment":[{"href":"https:\/\/luatminhhuy.com.vn\/en\/wp-json\/wp\/v2\/media?parent=624"}],"curies":[{"name":"wp","href":"https:\/\/api.w.org\/{rel}","templated":true}]}}