{"id":594,"date":"2022-07-11T04:03:30","date_gmt":"2022-07-11T04:03:30","guid":{"rendered":"http:\/\/luatminhhuy.com.vn\/?page_id=594"},"modified":"2022-07-12T06:54:31","modified_gmt":"2022-07-12T06:54:31","slug":"dat-cau-hoi","status":"publish","type":"page","link":"https:\/\/luatminhhuy.com.vn\/en\/dat-cau-hoi\/","title":{"rendered":"\u0110\u1eb7t C\u00e2u H\u1ecfi"},"content":{"rendered":"<p>[vc_row][vc_column][vc_column_text]<\/p>\n<h5><strong>\u0110\u1eb7t C\u00e2u H\u1ecfi<\/strong><\/h5>\n<p>[\/vc_column_text][\/vc_column][\/vc_row][vc_row el_class=&#8221;contactform&#8221;][vc_column]<div class=\"wpforms-container wpforms-container-full\" id=\"wpforms-596\"><form id=\"wpforms-form-596\" class=\"wpforms-validate wpforms-form\" data-formid=\"596\" method=\"post\" enctype=\"multipart\/form-data\" action=\"\/en\/wp-json\/wp\/v2\/pages\/594\" data-token=\"4d43dfc8987b926b1985f26ddbc0925a\"><noscript class=\"wpforms-error-noscript\">Please enable JavaScript in your browser to complete this form.<\/noscript><div class=\"wpforms-field-container\"><div id=\"wpforms-596-field_0-container\" class=\"wpforms-field wpforms-field-name\" data-field-id=\"0\"><label class=\"wpforms-field-label\" for=\"wpforms-596-field_0\">T\u00ean Kh\u00e1ch H\u00e0ng <span class=\"wpforms-required-label\">*<\/span><\/label><input type=\"text\" id=\"wpforms-596-field_0\" class=\"wpforms-field-medium wpforms-field-required\" name=\"wpforms[fields][0]\" required><\/div><div id=\"wpforms-596-field_4-container\" class=\"wpforms-field wpforms-field-text\" data-field-id=\"4\"><label class=\"wpforms-field-label\" for=\"wpforms-596-field_4\">\u0110\u1ecba ch\u1ec9 <span class=\"wpforms-required-label\">*<\/span><\/label><input type=\"text\" id=\"wpforms-596-field_4\" class=\"wpforms-field-medium wpforms-field-required\" name=\"wpforms[fields][4]\" required><\/div><div id=\"wpforms-596-field_3-container\" class=\"wpforms-field wpforms-field-number\" data-field-id=\"3\"><label class=\"wpforms-field-label\" for=\"wpforms-596-field_3\">S\u0110T <span class=\"wpforms-required-label\">*<\/span><\/label><input type=\"number\" pattern=\"\\d*\" id=\"wpforms-596-field_3\" class=\"wpforms-field-medium wpforms-field-required\" name=\"wpforms[fields][3]\" required><\/div><div id=\"wpforms-596-field_1-container\" class=\"wpforms-field wpforms-field-email\" data-field-id=\"1\"><label class=\"wpforms-field-label\" for=\"wpforms-596-field_1\">Email<\/label><input type=\"email\" id=\"wpforms-596-field_1\" class=\"wpforms-field-medium\" name=\"wpforms[fields][1]\" ><\/div><div id=\"wpforms-596-field_5-container\" class=\"wpforms-field wpforms-field-select wpforms-field-select-style-classic\" data-field-id=\"5\"><label class=\"wpforms-field-label\" for=\"wpforms-596-field_5\">H\u00ecnh Th\u1ee9c T\u01b0 V\u1ea5n <span class=\"wpforms-required-label\">*<\/span><\/label><select id=\"wpforms-596-field_5\" class=\"wpforms-field-medium wpforms-field-required\" name=\"wpforms[fields][5]\" required=\"required\"><option value=\"T\u01b0 V\u1ea5n Qua Email\" >T\u01b0 V\u1ea5n Qua Email<\/option><option value=\"T\u01b0 V\u1ea5n Qua \u0110i\u1ec7n Tho\u1ea1i\" >T\u01b0 V\u1ea5n Qua \u0110i\u1ec7n Tho\u1ea1i<\/option><option value=\"\u0110\u1eb7t L\u1ecbch H\u1eb9n - G\u1eb7p Tr\u1ef1c Ti\u1ebfp\" >\u0110\u1eb7t L\u1ecbch H\u1eb9n - G\u1eb7p Tr\u1ef1c Ti\u1ebfp<\/option><\/select><\/div><div id=\"wpforms-596-field_2-container\" class=\"wpforms-field wpforms-field-textarea\" data-field-id=\"2\"><label class=\"wpforms-field-label\" for=\"wpforms-596-field_2\">N\u1ed9i dung<\/label><textarea id=\"wpforms-596-field_2\" class=\"wpforms-field-medium\" name=\"wpforms[fields][2]\" ><\/textarea><\/div><\/div><div class=\"wpforms-submit-container\" ><input type=\"hidden\" name=\"wpforms[id]\" value=\"596\"><input type=\"hidden\" name=\"wpforms[author]\" value=\"1\"><button type=\"submit\" name=\"wpforms[submit]\" class=\"wpforms-submit \" id=\"wpforms-submit-596\" value=\"wpforms-submit\" aria-live=\"assertive\" data-alt-text=\"\u0110ang g\u1eedi...\" data-submit-text=\"G\u1eedi Ngay\">G\u1eedi Ngay<\/button><\/div><\/form><\/div>  <!-- .wpforms-container -->[\/vc_column][\/vc_row]<\/p>\n","protected":false},"excerpt":{"rendered":"<p>[vc_row][vc_column][vc_column_text] \u0110\u1eb7t C\u00e2u H\u1ecfi [\/vc_column_text][\/vc_column][\/vc_row][vc_row el_class=&#8221;contactform&#8221;][vc_column][\/vc_column][\/vc_row]<\/p>\n","protected":false},"author":1,"featured_media":0,"parent":0,"menu_order":0,"comment_status":"closed","ping_status":"closed","template":"cms-page.php","meta":[],"translation":{"provider":"WPGlobus","version":"2.5.22","language":"en","enabled_languages":["vi","en"],"languages":{"vi":{"title":true,"content":true,"excerpt":false},"en":{"title":false,"content":false,"excerpt":false}}},"yoast_head":"<!-- This site is optimized with the Yoast SEO plugin v15.2 - https:\/\/yoast.com\/wordpress\/plugins\/seo\/ -->\n<title>\u0110\u1eb7t C\u00e2u H\u1ecfi - V\u0103n Ph\u00f2ng Lu\u1eadt S\u01b0 Minh Huy<\/title>\n<meta name=\"robots\" content=\"index, follow, max-snippet:-1, max-image-preview:large, max-video-preview:-1\" \/>\n<link rel=\"canonical\" href=\"https:\/\/luatminhhuy.com.vn\/dat-cau-hoi\/\" \/>\n<meta property=\"og:locale\" content=\"en_US\" \/>\n<meta property=\"og:type\" content=\"article\" \/>\n<meta property=\"og:title\" content=\"\u0110\u1eb7t C\u00e2u H\u1ecfi - V\u0103n Ph\u00f2ng Lu\u1eadt S\u01b0 Minh Huy\" \/>\n<meta property=\"og:description\" content=\"[vc_row][vc_column][vc_column_text] \u0110\u1eb7t C\u00e2u H\u1ecfi [\/vc_column_text][\/vc_column][\/vc_row][vc_row el_class=&#8221;contactform&#8221;][vc_column][\/vc_column][\/vc_row]\" \/>\n<meta property=\"og:url\" content=\"https:\/\/luatminhhuy.com.vn\/dat-cau-hoi\/\" \/>\n<meta property=\"og:site_name\" content=\"V\u0103n Ph\u00f2ng Lu\u1eadt S\u01b0 Minh Huy\" \/>\n<meta property=\"article:publisher\" content=\"https:\/\/www.facebook.com\/Facovietnam\/\" \/>\n<meta property=\"article:modified_time\" content=\"2022-07-12T06:54:31+00:00\" \/>\n<meta name=\"twitter:card\" content=\"summary_large_image\" \/>\n<meta name=\"twitter:label1\" value=\"Written by\">\n\t<meta name=\"twitter:data1\" value=\"Minh Huy\">\n\t<meta name=\"twitter:label2\" value=\"Est. reading time\">\n\t<meta name=\"twitter:data2\" value=\"0 minutes\">\n<script type=\"application\/ld+json\" class=\"yoast-schema-graph\">{\"@context\":\"https:\/\/schema.org\",\"@graph\":[{\"@type\":\"WebSite\",\"@id\":\"https:\/\/luatminhhuy.com.vn\/#website\",\"url\":\"https:\/\/luatminhhuy.com.vn\/\",\"name\":\"V\\u0103n Ph\\u00f2ng Lu\\u1eadt S\\u01b0 Minh Huy\",\"description\":\"\",\"potentialAction\":[{\"@type\":\"SearchAction\",\"target\":\"https:\/\/luatminhhuy.com.vn\/?s={search_term_string}\",\"query-input\":\"required name=search_term_string\"}],\"inLanguage\":\"en-US\"},{\"@type\":\"WebPage\",\"@id\":\"https:\/\/luatminhhuy.com.vn\/dat-cau-hoi\/#webpage\",\"url\":\"https:\/\/luatminhhuy.com.vn\/dat-cau-hoi\/\",\"name\":\"\\u0110\\u1eb7t C\\u00e2u H\\u1ecfi - V\\u0103n Ph\\u00f2ng Lu\\u1eadt S\\u01b0 Minh Huy\",\"isPartOf\":{\"@id\":\"https:\/\/luatminhhuy.com.vn\/#website\"},\"datePublished\":\"2022-07-11T04:03:30+00:00\",\"dateModified\":\"2022-07-12T06:54:31+00:00\",\"breadcrumb\":{\"@id\":\"https:\/\/luatminhhuy.com.vn\/dat-cau-hoi\/#breadcrumb\"},\"inLanguage\":\"en-US\",\"potentialAction\":[{\"@type\":\"ReadAction\",\"target\":[\"https:\/\/luatminhhuy.com.vn\/dat-cau-hoi\/\"]}]},{\"@type\":\"BreadcrumbList\",\"@id\":\"https:\/\/luatminhhuy.com.vn\/dat-cau-hoi\/#breadcrumb\",\"itemListElement\":[{\"@type\":\"ListItem\",\"position\":1,\"item\":{\"@type\":\"WebPage\",\"@id\":\"https:\/\/luatminhhuy.com.vn\/\",\"url\":\"https:\/\/luatminhhuy.com.vn\/\",\"name\":\"Trang ch\\u1ee7\"}},{\"@type\":\"ListItem\",\"position\":2,\"item\":{\"@type\":\"WebPage\",\"@id\":\"https:\/\/luatminhhuy.com.vn\/dat-cau-hoi\/\",\"url\":\"https:\/\/luatminhhuy.com.vn\/dat-cau-hoi\/\",\"name\":\"\\u0110\\u1eb7t C\\u00e2u H\\u1ecfi\"}}]}]}<\/script>\n<!-- \/ Yoast SEO plugin. -->","_links":{"self":[{"href":"https:\/\/luatminhhuy.com.vn\/en\/wp-json\/wp\/v2\/pages\/594"}],"collection":[{"href":"https:\/\/luatminhhuy.com.vn\/en\/wp-json\/wp\/v2\/pages"}],"about":[{"href":"https:\/\/luatminhhuy.com.vn\/en\/wp-json\/wp\/v2\/types\/page"}],"author":[{"embeddable":true,"href":"https:\/\/luatminhhuy.com.vn\/en\/wp-json\/wp\/v2\/users\/1"}],"replies":[{"embeddable":true,"href":"https:\/\/luatminhhuy.com.vn\/en\/wp-json\/wp\/v2\/comments?post=594"}],"version-history":[{"count":1,"href":"https:\/\/luatminhhuy.com.vn\/en\/wp-json\/wp\/v2\/pages\/594\/revisions"}],"predecessor-version":[{"id":597,"href":"https:\/\/luatminhhuy.com.vn\/en\/wp-json\/wp\/v2\/pages\/594\/revisions\/597"}],"wp:attachment":[{"href":"https:\/\/luatminhhuy.com.vn\/en\/wp-json\/wp\/v2\/media?parent=594"}],"curies":[{"name":"wp","href":"https:\/\/api.w.org\/{rel}","templated":true}]}}