{"id":565,"date":"2022-07-08T07:42:55","date_gmt":"2022-07-08T07:42:55","guid":{"rendered":"http:\/\/dongnamduocdaisinh.com\/minhhuy\/?page_id=565"},"modified":"2022-07-20T09:25:04","modified_gmt":"2022-07-20T09:25:04","slug":"doanh-nghiep","status":"publish","type":"page","link":"https:\/\/luatminhhuy.com.vn\/en\/doanh-nghiep\/","title":{"rendered":"DOANH NGHI\u1ec6P"},"content":{"rendered":"<p>[vc_row][vc_column width=&#8221;7\/12&#8243; el_class=&#8221;home-gt&#8221;][vc_column_text]<\/p>\n<h3 class=\"custom-title\">DOANH NGHI\u1ec6P<\/h3>\n<p>Vpls Minh Huy lu\u00f4n quan t\u00e2m \u0111\u1ebfn c\u00e1c v\u1ea5n \u0111\u1ec1 ph\u00e1p l\u00fd c\u1ee7a doanh nghi\u1ec7p \u0111\u1ec3 \u0111\u01b0a ra c\u00e1c gi\u1ea3i ph\u00e1p ph\u00e1p l\u00fd hi\u1ec7u qu\u1ea3 v\u00e0 s\u00e1ng t\u1ea1o nh\u1eb1m gi\u00fap t\u1ed1i \u01b0u h\u00f3a l\u1ee3i \u00edch c\u1ee7a c\u00e1c ch\u1ee7 s\u1edf h\u1eefu v\u00e0 t\u1ed1i \u0111a h\u00f3a hi\u1ec7u qu\u1ea3 kinh doanh.<br \/>\nPh\u1ea1m vi t\u01b0 v\u1ea5n c\u1ee7a ch\u00fang t\u00f4i bao g\u1ed3m:<br \/>\nTh\u00e0nh l\u1eadp doanh nghi\u1ec7p, \u0111i\u1ec1u ch\u1ec9nh n\u1ed9i dung \u0111\u0103ng k\u00fd doanh nghi\u1ec7p, chuy\u1ec3n \u0111\u1ed5i lo\u1ea1i h\u00ecnh doanh nghi\u1ec7p;<br \/>\nT\u01b0 v\u1ea5n thay \u0111\u1ed5i\/b\u1ed5 sung, th\u00e0nh l\u1eadp chi nh\u00e1nh, v\u0103n ph\u00f2ng \u0111\u1ea1i di\u1ec7n, thay \u0111\u1ed5i\/b\u1ed5 sung th\u00e0nh vi\u00ean g\u00f3p v\u1ed1n,\u2026<br \/>\nT\u01b0 v\u1ea5n cho doanh nghi\u1ec7p v\u1ec1 lao \u0111\u1ed9ng, h\u1ee3p \u0111\u1ed3ng, \u0111\u1ea7u t\u01b0,\u2026<br \/>\nQu\u1ea3n tr\u1ecb doanh nghi\u1ec7p v\u00e0 ki\u1ec3m so\u00e1t n\u1ed9i b\u1ed9;<br \/>\nT\u1ea1m ng\u1eebng ho\u1ea1t \u0111\u1ed9ng, gi\u1ea3i th\u1ec3, ph\u00e1 s\u1ea3n doanh nghi\u1ec7p.<br \/>\nT\u01b0 v\u1ea5n v\u1ec1 vi\u1ec7c mua b\u00e1n, s\u00e1p nh\u1eadp doanh nghi\u1ec7p<br \/>\nGi\u1ea3i quy\u1ebft tranh ch\u1ea5p v\u1ec1 kinh doanh th\u01b0\u01a1ng m\u1ea1i, tham gia t\u1ed1 t\u1ee5ng, b\u1ea3o v\u1ec7 quy\u1ec1n v\u00e0 l\u1ee3i \u00edch h\u1ee3p ph\u00e1p cho kh\u00e1ch h\u00e0ng.[\/vc_column_text][\/vc_column][vc_column width=&#8221;5\/12&#8243;][vc_single_image image=&#8221;700&#8243; img_size=&#8221;full&#8221;][\/vc_column][\/vc_row]<\/p>\n","protected":false},"excerpt":{"rendered":"<p>[vc_row][vc_column width=&#8221;7\/12&#8243; el_class=&#8221;home-gt&#8221;][vc_column_text] DOANH NGHI\u1ec6P Vpls Minh Huy lu\u00f4n quan t\u00e2m \u0111\u1ebfn c\u00e1c v\u1ea5n \u0111\u1ec1 ph\u00e1p l\u00fd c\u1ee7a doanh nghi\u1ec7p \u0111\u1ec3 \u0111\u01b0a ra c\u00e1c gi\u1ea3i ph\u00e1p ph\u00e1p l\u00fd hi\u1ec7u qu\u1ea3 v\u00e0 s\u00e1ng t\u1ea1o nh\u1eb1m gi\u00fap t\u1ed1i \u01b0u h\u00f3a l\u1ee3i \u00edch c\u1ee7a c\u00e1c ch\u1ee7 s\u1edf h\u1eefu v\u00e0 t\u1ed1i \u0111a h\u00f3a hi\u1ec7u qu\u1ea3 kinh doanh. Ph\u1ea1m vi [&hellip;]<\/p>\n","protected":false},"author":1,"featured_media":711,"parent":0,"menu_order":0,"comment_status":"closed","ping_status":"closed","template":"cms-page.php","meta":[],"translation":{"provider":"WPGlobus","version":"2.5.22","language":"en","enabled_languages":["vi","en"],"languages":{"vi":{"title":true,"content":true,"excerpt":false},"en":{"title":false,"content":false,"excerpt":false}}},"yoast_head":"<!-- This site is optimized with the Yoast SEO plugin v15.2 - https:\/\/yoast.com\/wordpress\/plugins\/seo\/ -->\n<title>DOANH NGHI\u1ec6P - V\u0103n Ph\u00f2ng Lu\u1eadt S\u01b0 Minh Huy<\/title>\n<meta name=\"robots\" content=\"index, follow, max-snippet:-1, max-image-preview:large, max-video-preview:-1\" \/>\n<link rel=\"canonical\" href=\"https:\/\/luatminhhuy.com.vn\/doanh-nghiep\/\" \/>\n<meta property=\"og:locale\" content=\"en_US\" \/>\n<meta property=\"og:type\" content=\"article\" \/>\n<meta property=\"og:title\" content=\"DOANH NGHI\u1ec6P - V\u0103n Ph\u00f2ng Lu\u1eadt S\u01b0 Minh Huy\" \/>\n<meta property=\"og:description\" content=\"[vc_row][vc_column width=&#8221;7\/12&#8243; el_class=&#8221;home-gt&#8221;][vc_column_text] DOANH NGHI\u1ec6P Vpls Minh Huy lu\u00f4n quan t\u00e2m \u0111\u1ebfn c\u00e1c v\u1ea5n \u0111\u1ec1 ph\u00e1p l\u00fd c\u1ee7a doanh nghi\u1ec7p \u0111\u1ec3 \u0111\u01b0a ra c\u00e1c gi\u1ea3i ph\u00e1p ph\u00e1p l\u00fd hi\u1ec7u qu\u1ea3 v\u00e0 s\u00e1ng t\u1ea1o nh\u1eb1m gi\u00fap t\u1ed1i \u01b0u h\u00f3a l\u1ee3i \u00edch c\u1ee7a c\u00e1c ch\u1ee7 s\u1edf h\u1eefu v\u00e0 t\u1ed1i \u0111a h\u00f3a hi\u1ec7u qu\u1ea3 kinh doanh. Ph\u1ea1m vi [&hellip;]\" \/>\n<meta property=\"og:url\" content=\"https:\/\/luatminhhuy.com.vn\/doanh-nghiep\/\" \/>\n<meta property=\"og:site_name\" content=\"V\u0103n Ph\u00f2ng Lu\u1eadt S\u01b0 Minh Huy\" \/>\n<meta property=\"article:publisher\" content=\"https:\/\/www.facebook.com\/Facovietnam\/\" \/>\n<meta property=\"article:modified_time\" content=\"2022-07-20T09:25:04+00:00\" \/>\n<meta property=\"og:image\" content=\"https:\/\/luatminhhuy.com.vn\/wp-content\/uploads\/2022\/07\/527920.jpg\" \/>\n\t<meta property=\"og:image:width\" content=\"1920\" \/>\n\t<meta property=\"og:image:height\" content=\"1080\" \/>\n<meta name=\"twitter:card\" content=\"summary_large_image\" \/>\n<meta name=\"twitter:label1\" value=\"Written by\">\n\t<meta name=\"twitter:data1\" value=\"Minh Huy\">\n\t<meta name=\"twitter:label2\" value=\"Est. reading time\">\n\t<meta name=\"twitter:data2\" value=\"1 minute\">\n<script type=\"application\/ld+json\" class=\"yoast-schema-graph\">{\"@context\":\"https:\/\/schema.org\",\"@graph\":[{\"@type\":\"WebSite\",\"@id\":\"https:\/\/luatminhhuy.com.vn\/#website\",\"url\":\"https:\/\/luatminhhuy.com.vn\/\",\"name\":\"V\\u0103n Ph\\u00f2ng Lu\\u1eadt S\\u01b0 Minh Huy\",\"description\":\"\",\"potentialAction\":[{\"@type\":\"SearchAction\",\"target\":\"https:\/\/luatminhhuy.com.vn\/?s={search_term_string}\",\"query-input\":\"required name=search_term_string\"}],\"inLanguage\":\"en-US\"},{\"@type\":\"ImageObject\",\"@id\":\"https:\/\/luatminhhuy.com.vn\/doanh-nghiep\/#primaryimage\",\"inLanguage\":\"en-US\",\"url\":\"https:\/\/luatminhhuy.com.vn\/wp-content\/uploads\/2022\/07\/527920.jpg\",\"width\":1920,\"height\":1080},{\"@type\":\"WebPage\",\"@id\":\"https:\/\/luatminhhuy.com.vn\/doanh-nghiep\/#webpage\",\"url\":\"https:\/\/luatminhhuy.com.vn\/doanh-nghiep\/\",\"name\":\"DOANH NGHI\\u1ec6P - V\\u0103n Ph\\u00f2ng Lu\\u1eadt S\\u01b0 Minh Huy\",\"isPartOf\":{\"@id\":\"https:\/\/luatminhhuy.com.vn\/#website\"},\"primaryImageOfPage\":{\"@id\":\"https:\/\/luatminhhuy.com.vn\/doanh-nghiep\/#primaryimage\"},\"datePublished\":\"2022-07-08T07:42:55+00:00\",\"dateModified\":\"2022-07-20T09:25:04+00:00\",\"breadcrumb\":{\"@id\":\"https:\/\/luatminhhuy.com.vn\/doanh-nghiep\/#breadcrumb\"},\"inLanguage\":\"en-US\",\"potentialAction\":[{\"@type\":\"ReadAction\",\"target\":[\"https:\/\/luatminhhuy.com.vn\/doanh-nghiep\/\"]}]},{\"@type\":\"BreadcrumbList\",\"@id\":\"https:\/\/luatminhhuy.com.vn\/doanh-nghiep\/#breadcrumb\",\"itemListElement\":[{\"@type\":\"ListItem\",\"position\":1,\"item\":{\"@type\":\"WebPage\",\"@id\":\"https:\/\/luatminhhuy.com.vn\/\",\"url\":\"https:\/\/luatminhhuy.com.vn\/\",\"name\":\"Trang ch\\u1ee7\"}},{\"@type\":\"ListItem\",\"position\":2,\"item\":{\"@type\":\"WebPage\",\"@id\":\"https:\/\/luatminhhuy.com.vn\/doanh-nghiep\/\",\"url\":\"https:\/\/luatminhhuy.com.vn\/doanh-nghiep\/\",\"name\":\"DOANH NGHI\\u1ec6P\"}}]}]}<\/script>\n<!-- \/ Yoast SEO plugin. -->","_links":{"self":[{"href":"https:\/\/luatminhhuy.com.vn\/en\/wp-json\/wp\/v2\/pages\/565"}],"collection":[{"href":"https:\/\/luatminhhuy.com.vn\/en\/wp-json\/wp\/v2\/pages"}],"about":[{"href":"https:\/\/luatminhhuy.com.vn\/en\/wp-json\/wp\/v2\/types\/page"}],"author":[{"embeddable":true,"href":"https:\/\/luatminhhuy.com.vn\/en\/wp-json\/wp\/v2\/users\/1"}],"replies":[{"embeddable":true,"href":"https:\/\/luatminhhuy.com.vn\/en\/wp-json\/wp\/v2\/comments?post=565"}],"version-history":[{"count":6,"href":"https:\/\/luatminhhuy.com.vn\/en\/wp-json\/wp\/v2\/pages\/565\/revisions"}],"predecessor-version":[{"id":720,"href":"https:\/\/luatminhhuy.com.vn\/en\/wp-json\/wp\/v2\/pages\/565\/revisions\/720"}],"wp:featuredmedia":[{"embeddable":true,"href":"https:\/\/luatminhhuy.com.vn\/en\/wp-json\/wp\/v2\/media\/711"}],"wp:attachment":[{"href":"https:\/\/luatminhhuy.com.vn\/en\/wp-json\/wp\/v2\/media?parent=565"}],"curies":[{"name":"wp","href":"https:\/\/api.w.org\/{rel}","templated":true}]}}