{"id":561,"date":"2022-07-08T07:41:00","date_gmt":"2022-07-08T07:41:00","guid":{"rendered":"http:\/\/dongnamduocdaisinh.com\/minhhuy\/?page_id=561"},"modified":"2022-07-20T08:53:04","modified_gmt":"2022-07-20T08:53:04","slug":"nhan-gia-dinh","status":"publish","type":"page","link":"https:\/\/luatminhhuy.com.vn\/en\/nhan-gia-dinh\/","title":{"rendered":"H\u00d4N NH\u00c2N GIA \u0110\u00ccNH"},"content":{"rendered":"<p>[vc_row][vc_column width=&#8221;7\/12&#8243; el_class=&#8221;home-gt&#8221;][vc_column_text]<\/p>\n<h3 class=\"custom-title\">H\u00f4n Nh\u00e2n Gia \u0110\u00ecnh<\/h3>\n<p>Trong x\u00e3 h\u1ed9i hi\u1ec7n \u0111\u1ea1i ng\u00e0y nay, c\u00e1c v\u1ee5 vi\u1ec7c v\u1ec1 h\u00f4n nh\u00e2n v\u00e0 gia \u0111\u00ecnh ng\u00e0y c\u00e0ng t\u0103ng v\u1ec1 s\u1ed1 l\u01b0\u1ee3ng c\u0169ng nh\u01b0 m\u1ee9c \u0111\u1ed9 ph\u1ee9c t\u1ea1p, gay g\u1eaft. T\u00ednh ch\u1ea5t gay g\u1eaft, ph\u1ee9c t\u1ea1p ch\u1ee7 y\u1ebfu li\u00ean quan \u0111\u1ebfn c\u00e1c tranh ch\u1ea5p v\u1ec1 t\u00e0i s\u1ea3n chung-ri\u00eang nh\u01b0 b\u1ea5t \u0111\u1ed9ng s\u1ea3n, c\u1ed5 ph\u1ea7n, c\u1ed5 phi\u1ebfu trong c\u00e1c c\u00f4ng ty\u2026 ho\u1eb7c v\u1ec1 con chung, m\u1ee9c \u0111\u1ed9 c\u1ea5p d\u01b0\u1ee1ng.<br \/>\nPh\u1ea1m vi d\u1ecbch v\u1ee5 ch\u00fang t\u00f4i cung c\u1ea5p bao g\u1ed3m:<br \/>\nT\u01b0 v\u1ea5n ph\u00e1p l\u00fd v\u1ec1 x\u00e1c l\u1eadp quan h\u1ec7 h\u00f4n nh\u00e2n: \u0110i\u1ec1u ki\u1ec7n k\u1ebft h\u00f4n; T\u01b0 v\u1ea5n th\u1ee7 t\u1ee5c \u0111\u0103ng k\u00fd k\u1ebft h\u00f4n v\u1edbi ng\u01b0\u1eddi n\u01b0\u1edbc ngo\u00e0i;<br \/>\nT\u01b0 v\u1ea5n th\u1ee7 t\u1ee5c ly h\u00f4n: Ly h\u00f4n thu\u1eadn t\u00ecnh, ly h\u00f4n \u0111\u01a1n ph\u01b0\u01a1ng, th\u1ee7 t\u1ee5c ly h\u00f4n c\u00f3 y\u1ebfu t\u1ed1 n\u01b0\u1edbc ngo\u00e0i;<br \/>\nT\u01b0 v\u1ea5n, gi\u1ea3i quy\u1ebft tranh ch\u1ea5p v\u1ec1 quan h\u1ec7 t\u00e0i s\u1ea3n c\u1ee7a v\u1ee3 ch\u1ed3ng khi ly h\u00f4n;<br \/>\nH\u01b0\u1edbng d\u1eabn v\u00e0 t\u01b0 v\u1ea5n cho kh\u00e1ch h\u00e0ng tr\u00ecnh t\u1ef1 th\u1ee7 t\u1ee5c kh\u1edfi ki\u1ec7n, th\u1eddi hi\u1ec7u kh\u1edfi ki\u1ec7n, \u0111i\u1ec1u ki\u1ec7n kh\u1edfi ki\u1ec7n, t\u01b0 c\u00e1ch ch\u1ee7 th\u1ec3 v\u00e0 so\u1ea1n \u0111\u01a1n kh\u1edfi ki\u1ec7n g\u1eedi \u0111\u1ebfn T\u00f2a \u00e1n c\u00f3 th\u1ea9m quy\u1ec1n \u0111\u1ed1i v\u1edbi c\u00e1c tranh ch\u1ea5p:Tranh ch\u1ea5p chia t\u00e0i s\u1ea3n khi ly h\u00f4n; Tranh ch\u1ea5p v\u1ec1 chia t\u00e0i s\u1ea3n chung c\u1ee7a v\u1ee3 ch\u1ed3ng trong th\u1eddi k\u1ef3 h\u00f4n nh\u00e2n; Tranh ch\u1ea5p quy\u1ec1n nu\u00f4i con khi ly h\u00f4n, v\u1ec1 thay \u0111\u1ed5i ng\u01b0\u1eddi tr\u1ef1c ti\u1ebfp nu\u00f4i con sau khi ly h\u00f4n; Tranh ch\u1ea5p v\u1ec1 x\u00e1c \u0111\u1ecbnh cha, m\u1eb9 cho con ho\u1eb7c x\u00e1c \u0111\u1ecbnh con cho cha, m\u1eb9; Tranh ch\u1ea5p v\u1ec1 c\u1ea5p d\u01b0\u1ee1ng khi ly h\u00f4n v\u00e0 sau ly h\u00f4n.<br \/>\n[\/vc_column_text][\/vc_column][vc_column width=&#8221;5\/12&#8243;][vc_single_image image=&#8221;702&#8243; img_size=&#8221;full&#8221;][\/vc_column][\/vc_row]<\/p>\n","protected":false},"excerpt":{"rendered":"<p>[vc_row][vc_column width=&#8221;7\/12&#8243; el_class=&#8221;home-gt&#8221;][vc_column_text] H\u00f4n Nh\u00e2n Gia \u0110\u00ecnh Trong x\u00e3 h\u1ed9i hi\u1ec7n \u0111\u1ea1i ng\u00e0y nay, c\u00e1c v\u1ee5 vi\u1ec7c v\u1ec1 h\u00f4n nh\u00e2n v\u00e0 gia \u0111\u00ecnh ng\u00e0y c\u00e0ng t\u0103ng v\u1ec1 s\u1ed1 l\u01b0\u1ee3ng c\u0169ng nh\u01b0 m\u1ee9c \u0111\u1ed9 ph\u1ee9c t\u1ea1p, gay g\u1eaft. T\u00ednh ch\u1ea5t gay g\u1eaft, ph\u1ee9c t\u1ea1p ch\u1ee7 y\u1ebfu li\u00ean quan \u0111\u1ebfn c\u00e1c tranh ch\u1ea5p v\u1ec1 t\u00e0i s\u1ea3n chung-ri\u00eang [&hellip;]<\/p>\n","protected":false},"author":1,"featured_media":711,"parent":0,"menu_order":0,"comment_status":"closed","ping_status":"closed","template":"cms-page.php","meta":[],"translation":{"provider":"WPGlobus","version":"2.5.22","language":"en","enabled_languages":["vi","en"],"languages":{"vi":{"title":true,"content":true,"excerpt":false},"en":{"title":false,"content":false,"excerpt":false}}},"yoast_head":"<!-- This site is optimized with the Yoast SEO plugin v15.2 - https:\/\/yoast.com\/wordpress\/plugins\/seo\/ -->\n<title>H\u00d4N NH\u00c2N GIA \u0110\u00ccNH - V\u0103n Ph\u00f2ng Lu\u1eadt S\u01b0 Minh Huy<\/title>\n<meta name=\"robots\" content=\"index, follow, max-snippet:-1, max-image-preview:large, max-video-preview:-1\" \/>\n<link rel=\"canonical\" href=\"https:\/\/luatminhhuy.com.vn\/nhan-gia-dinh\/\" \/>\n<meta property=\"og:locale\" content=\"en_US\" \/>\n<meta property=\"og:type\" content=\"article\" \/>\n<meta property=\"og:title\" content=\"H\u00d4N NH\u00c2N GIA \u0110\u00ccNH - V\u0103n Ph\u00f2ng Lu\u1eadt S\u01b0 Minh Huy\" \/>\n<meta property=\"og:description\" content=\"[vc_row][vc_column width=&#8221;7\/12&#8243; el_class=&#8221;home-gt&#8221;][vc_column_text] H\u00f4n Nh\u00e2n Gia \u0110\u00ecnh Trong x\u00e3 h\u1ed9i hi\u1ec7n \u0111\u1ea1i ng\u00e0y nay, c\u00e1c v\u1ee5 vi\u1ec7c v\u1ec1 h\u00f4n nh\u00e2n v\u00e0 gia \u0111\u00ecnh ng\u00e0y c\u00e0ng t\u0103ng v\u1ec1 s\u1ed1 l\u01b0\u1ee3ng c\u0169ng nh\u01b0 m\u1ee9c \u0111\u1ed9 ph\u1ee9c t\u1ea1p, gay g\u1eaft. T\u00ednh ch\u1ea5t gay g\u1eaft, ph\u1ee9c t\u1ea1p ch\u1ee7 y\u1ebfu li\u00ean quan \u0111\u1ebfn c\u00e1c tranh ch\u1ea5p v\u1ec1 t\u00e0i s\u1ea3n chung-ri\u00eang [&hellip;]\" \/>\n<meta property=\"og:url\" content=\"https:\/\/luatminhhuy.com.vn\/nhan-gia-dinh\/\" \/>\n<meta property=\"og:site_name\" content=\"V\u0103n Ph\u00f2ng Lu\u1eadt S\u01b0 Minh Huy\" \/>\n<meta property=\"article:publisher\" content=\"https:\/\/www.facebook.com\/Facovietnam\/\" \/>\n<meta property=\"article:modified_time\" content=\"2022-07-20T08:53:04+00:00\" \/>\n<meta property=\"og:image\" content=\"https:\/\/luatminhhuy.com.vn\/wp-content\/uploads\/2022\/07\/527920.jpg\" \/>\n\t<meta property=\"og:image:width\" content=\"1920\" \/>\n\t<meta property=\"og:image:height\" content=\"1080\" \/>\n<meta name=\"twitter:card\" content=\"summary_large_image\" \/>\n<meta name=\"twitter:label1\" value=\"Written by\">\n\t<meta name=\"twitter:data1\" value=\"Minh Huy\">\n\t<meta name=\"twitter:label2\" value=\"Est. reading time\">\n\t<meta name=\"twitter:data2\" value=\"2 minutes\">\n<script type=\"application\/ld+json\" class=\"yoast-schema-graph\">{\"@context\":\"https:\/\/schema.org\",\"@graph\":[{\"@type\":\"WebSite\",\"@id\":\"https:\/\/luatminhhuy.com.vn\/#website\",\"url\":\"https:\/\/luatminhhuy.com.vn\/\",\"name\":\"V\\u0103n Ph\\u00f2ng Lu\\u1eadt S\\u01b0 Minh Huy\",\"description\":\"\",\"potentialAction\":[{\"@type\":\"SearchAction\",\"target\":\"https:\/\/luatminhhuy.com.vn\/?s={search_term_string}\",\"query-input\":\"required name=search_term_string\"}],\"inLanguage\":\"en-US\"},{\"@type\":\"ImageObject\",\"@id\":\"https:\/\/luatminhhuy.com.vn\/nhan-gia-dinh\/#primaryimage\",\"inLanguage\":\"en-US\",\"url\":\"https:\/\/luatminhhuy.com.vn\/wp-content\/uploads\/2022\/07\/527920.jpg\",\"width\":1920,\"height\":1080},{\"@type\":\"WebPage\",\"@id\":\"https:\/\/luatminhhuy.com.vn\/nhan-gia-dinh\/#webpage\",\"url\":\"https:\/\/luatminhhuy.com.vn\/nhan-gia-dinh\/\",\"name\":\"H\\u00d4N NH\\u00c2N GIA \\u0110\\u00ccNH - V\\u0103n Ph\\u00f2ng Lu\\u1eadt S\\u01b0 Minh Huy\",\"isPartOf\":{\"@id\":\"https:\/\/luatminhhuy.com.vn\/#website\"},\"primaryImageOfPage\":{\"@id\":\"https:\/\/luatminhhuy.com.vn\/nhan-gia-dinh\/#primaryimage\"},\"datePublished\":\"2022-07-08T07:41:00+00:00\",\"dateModified\":\"2022-07-20T08:53:04+00:00\",\"breadcrumb\":{\"@id\":\"https:\/\/luatminhhuy.com.vn\/nhan-gia-dinh\/#breadcrumb\"},\"inLanguage\":\"en-US\",\"potentialAction\":[{\"@type\":\"ReadAction\",\"target\":[\"https:\/\/luatminhhuy.com.vn\/nhan-gia-dinh\/\"]}]},{\"@type\":\"BreadcrumbList\",\"@id\":\"https:\/\/luatminhhuy.com.vn\/nhan-gia-dinh\/#breadcrumb\",\"itemListElement\":[{\"@type\":\"ListItem\",\"position\":1,\"item\":{\"@type\":\"WebPage\",\"@id\":\"https:\/\/luatminhhuy.com.vn\/\",\"url\":\"https:\/\/luatminhhuy.com.vn\/\",\"name\":\"Trang ch\\u1ee7\"}},{\"@type\":\"ListItem\",\"position\":2,\"item\":{\"@type\":\"WebPage\",\"@id\":\"https:\/\/luatminhhuy.com.vn\/nhan-gia-dinh\/\",\"url\":\"https:\/\/luatminhhuy.com.vn\/nhan-gia-dinh\/\",\"name\":\"H\\u00d4N NH\\u00c2N GIA \\u0110\\u00ccNH\"}}]}]}<\/script>\n<!-- \/ Yoast SEO plugin. -->","_links":{"self":[{"href":"https:\/\/luatminhhuy.com.vn\/en\/wp-json\/wp\/v2\/pages\/561"}],"collection":[{"href":"https:\/\/luatminhhuy.com.vn\/en\/wp-json\/wp\/v2\/pages"}],"about":[{"href":"https:\/\/luatminhhuy.com.vn\/en\/wp-json\/wp\/v2\/types\/page"}],"author":[{"embeddable":true,"href":"https:\/\/luatminhhuy.com.vn\/en\/wp-json\/wp\/v2\/users\/1"}],"replies":[{"embeddable":true,"href":"https:\/\/luatminhhuy.com.vn\/en\/wp-json\/wp\/v2\/comments?post=561"}],"version-history":[{"count":5,"href":"https:\/\/luatminhhuy.com.vn\/en\/wp-json\/wp\/v2\/pages\/561\/revisions"}],"predecessor-version":[{"id":714,"href":"https:\/\/luatminhhuy.com.vn\/en\/wp-json\/wp\/v2\/pages\/561\/revisions\/714"}],"wp:featuredmedia":[{"embeddable":true,"href":"https:\/\/luatminhhuy.com.vn\/en\/wp-json\/wp\/v2\/media\/711"}],"wp:attachment":[{"href":"https:\/\/luatminhhuy.com.vn\/en\/wp-json\/wp\/v2\/media?parent=561"}],"curies":[{"name":"wp","href":"https:\/\/api.w.org\/{rel}","templated":true}]}}