{"id":557,"date":"2022-07-08T07:38:13","date_gmt":"2022-07-08T07:38:13","guid":{"rendered":"http:\/\/dongnamduocdaisinh.com\/minhhuy\/?page_id=557"},"modified":"2022-07-20T08:31:55","modified_gmt":"2022-07-20T08:31:55","slug":"dan-su","status":"publish","type":"page","link":"https:\/\/luatminhhuy.com.vn\/en\/dan-su\/","title":{"rendered":"D\u00c2N S\u1ef0"},"content":{"rendered":"<p>[vc_row][vc_column width=&#8221;7\/12&#8243; el_class=&#8221;home-gt&#8221;][vc_column_text]<\/p>\n<h3 class=\"custom-title\">D\u00e2n S\u1ef1<\/h3>\n<p>D\u00e2n s\u1ef1 l\u00e0 l\u0129nh v\u1ef1c c\u00f3 ph\u1ea1m vi r\u1ed9ng, bao g\u1ed3m r\u1ea5t nhi\u1ec1u tranh ch\u1ea5p. Hi\u1ec7n nay c\u00e1c v\u1ee5 vi\u1ec7c tranh ch\u1ea5p d\u00e2n s\u1ef1 ng\u00e0y c\u00e0ng c\u00f3 xu h\u01b0\u1edbng gia t\u0103ng v\u1ec1 s\u1ed1 l\u01b0\u1ee3ng v\u00e0 \u0111\u1ed9 ph\u1ee9c t\u1ea1p. V\u0103n ph\u00f2ng lu\u1eadt s\u01b0 Minh Huy cung c\u1ea5p d\u1ecbch v\u1ee5 ph\u00e1p l\u00fd trong l\u0129nh v\u1ef1c D\u00e2n s\u1ef1 bao g\u1ed3m:<br \/>\nTh\u1eeba k\u1ebf;<br \/>\n\u0110\u1ea5t \u0111ai;<br \/>\nH\u00f4n nh\u00e2n gia \u0111\u00ecnh;<br \/>\nGi\u1ea3i quy\u1ebft tranh ch\u1ea5p h\u1ee3p \u0111\u1ed3ng; B\u1ed3i th\u01b0\u1eddng thi\u1ec7t h\u1ea1i ngo\u00e0i h\u1ee3p \u0111\u1ed3ng; tranh ch\u1ea5p kinh doanh th\u01b0\u01a1ng m\u1ea1i;<br \/>\nT\u01b0 v\u1ea5n v\u1ec1 c\u00e1c lo\u1ea1i giao d\u1ecbch, h\u1ee3p \u0111\u1ed3ng d\u00e2n s\u1ef1, (bao g\u1ed3m c\u1ea3 so\u1ea1n th\u1ea3o v\u00e0 r\u00e0 so\u00e1t l\u1ea1i): h\u1ee3p \u0111\u1ed3ng mua b\u00e1n, h\u1ee3p \u0111\u1ed3ng t\u1eb7ng cho, h\u1ee3p \u0111\u1ed3ng vay m\u01b0\u1ee3n t\u00e0i s\u1ea3n, h\u1ee3p \u0111\u1ed3ng thu\u00ea, thu\u00ea kho\u00e1n t\u00e0i s\u1ea3n, h\u1ee3p \u0111\u1ed3ng d\u1ecbch v\u1ee5, h\u1ee3p \u0111\u1ed3ng v\u1eadn chuy\u1ec3n h\u00e0ng h\u00f3a, h\u1ee3p \u0111\u1ed3ng gia c\u00f4ng, h\u1ee3p \u0111\u1ed3ng b\u1ea3o hi\u1ec3m; h\u1ee3p \u0111\u1ed3ng \u1ee7y quy\u1ec1n, gi\u1ea5y \u1ee7y quy\u1ec1n v\u00e0 c\u00e1c quy \u0111\u1ecbnh ph\u00e1p lu\u1eadt li\u00ean quan \u0111\u1ebfn v\u1ea5n \u0111\u1ec1 \u1ee7y quy\u1ec1n;<br \/>\nT\u01b0 v\u1ea5n, h\u1ed7 tr\u1ee3 ph\u00e1p l\u00fd, so\u1ea1n th\u1ea3o v\u00e0 r\u00e0 so\u00e1t l\u1ea1i c\u00e1c v\u0103n b\u1ea3n li\u00ean quan \u0111\u1ebfn ngh\u0129a v\u1ee5 d\u00e2n s\u1ef1 nh\u01b0: Giao d\u1ecbch v\u1ec1 c\u1ea7m c\u1ed1, th\u1ebf ch\u1ea5p, \u0111\u1eb7t c\u1ecdc, b\u1ea3o l\u00e3nh&#8230;;<br \/>\nT\u01b0 v\u1ea5n, h\u1ed7 tr\u1ee3 ph\u00e1p l\u00fd li\u00ean quan \u0111\u1ebfn c\u00e1c quan h\u1ec7 d\u00e2n s\u1ef1 c\u00f3 y\u1ebfu t\u1ed1 n\u01b0\u1edbc ngo\u00e0i.<br \/>\nD\u1ecbch v\u1ee5 li\u00ean quan \u0111\u1ebfn T\u1ed1 t\u1ee5ng d\u00e2n s\u1ef1 bao g\u1ed3m t\u01b0 v\u1ea5n c\u00e1c tr\u00ecnh t\u1ef1, th\u1ee7 t\u1ee5c kh\u1edfi ki\u1ec7n \u0111\u1ec3 To\u00e0 \u00e1n gi\u1ea3i quy\u1ebft c\u00e1c v\u1ee5 \u00e1n d\u00e2n s\u1ef1 v\u00e0 tr\u00ecnh t\u1ef1, th\u1ee7 t\u1ee5c y\u00eau c\u1ea7u \u0111\u1ec3 To\u00e0 \u00e1n gi\u1ea3i quy\u1ebft c\u00e1c vi\u1ec7c d\u00e2n s\u1ef1; tham gia b\u1ea3o v\u1ec7 quy\u1ec1n v\u00e0 l\u1ee3i \u00edch h\u1ee3p ph\u00e1p t\u1ea1i T\u00f2a \u00e1n.[\/vc_column_text][\/vc_column][vc_column width=&#8221;5\/12&#8243;][vc_single_image image=&#8221;704&#8243; img_size=&#8221;full&#8221;][\/vc_column][\/vc_row]<\/p>\n","protected":false},"excerpt":{"rendered":"<p>[vc_row][vc_column width=&#8221;7\/12&#8243; el_class=&#8221;home-gt&#8221;][vc_column_text] D\u00e2n S\u1ef1 D\u00e2n s\u1ef1 l\u00e0 l\u0129nh v\u1ef1c c\u00f3 ph\u1ea1m vi r\u1ed9ng, bao g\u1ed3m r\u1ea5t nhi\u1ec1u tranh ch\u1ea5p. Hi\u1ec7n nay c\u00e1c v\u1ee5 vi\u1ec7c tranh ch\u1ea5p d\u00e2n s\u1ef1 ng\u00e0y c\u00e0ng c\u00f3 xu h\u01b0\u1edbng gia t\u0103ng v\u1ec1 s\u1ed1 l\u01b0\u1ee3ng v\u00e0 \u0111\u1ed9 ph\u1ee9c t\u1ea1p. V\u0103n ph\u00f2ng lu\u1eadt s\u01b0 Minh Huy cung c\u1ea5p d\u1ecbch v\u1ee5 ph\u00e1p l\u00fd [&hellip;]<\/p>\n","protected":false},"author":1,"featured_media":707,"parent":0,"menu_order":0,"comment_status":"closed","ping_status":"closed","template":"cms-page.php","meta":[],"translation":{"provider":"WPGlobus","version":"2.5.22","language":"en","enabled_languages":["vi","en"],"languages":{"vi":{"title":true,"content":true,"excerpt":false},"en":{"title":false,"content":false,"excerpt":false}}},"yoast_head":"<!-- This site is optimized with the Yoast SEO plugin v15.2 - https:\/\/yoast.com\/wordpress\/plugins\/seo\/ -->\n<title>D\u00c2N S\u1ef0 - V\u0103n Ph\u00f2ng Lu\u1eadt S\u01b0 Minh Huy<\/title>\n<meta name=\"robots\" content=\"index, follow, max-snippet:-1, max-image-preview:large, max-video-preview:-1\" \/>\n<link rel=\"canonical\" href=\"https:\/\/luatminhhuy.com.vn\/dan-su\/\" \/>\n<meta property=\"og:locale\" content=\"en_US\" \/>\n<meta property=\"og:type\" content=\"article\" \/>\n<meta property=\"og:title\" content=\"D\u00c2N S\u1ef0 - V\u0103n Ph\u00f2ng Lu\u1eadt S\u01b0 Minh Huy\" \/>\n<meta property=\"og:description\" content=\"[vc_row][vc_column width=&#8221;7\/12&#8243; el_class=&#8221;home-gt&#8221;][vc_column_text] D\u00e2n S\u1ef1 D\u00e2n s\u1ef1 l\u00e0 l\u0129nh v\u1ef1c c\u00f3 ph\u1ea1m vi r\u1ed9ng, bao g\u1ed3m r\u1ea5t nhi\u1ec1u tranh ch\u1ea5p. Hi\u1ec7n nay c\u00e1c v\u1ee5 vi\u1ec7c tranh ch\u1ea5p d\u00e2n s\u1ef1 ng\u00e0y c\u00e0ng c\u00f3 xu h\u01b0\u1edbng gia t\u0103ng v\u1ec1 s\u1ed1 l\u01b0\u1ee3ng v\u00e0 \u0111\u1ed9 ph\u1ee9c t\u1ea1p. V\u0103n ph\u00f2ng lu\u1eadt s\u01b0 Minh Huy cung c\u1ea5p d\u1ecbch v\u1ee5 ph\u00e1p l\u00fd [&hellip;]\" \/>\n<meta property=\"og:url\" content=\"https:\/\/luatminhhuy.com.vn\/dan-su\/\" \/>\n<meta property=\"og:site_name\" content=\"V\u0103n Ph\u00f2ng Lu\u1eadt S\u01b0 Minh Huy\" \/>\n<meta property=\"article:publisher\" content=\"https:\/\/www.facebook.com\/Facovietnam\/\" \/>\n<meta property=\"article:modified_time\" content=\"2022-07-20T08:31:55+00:00\" \/>\n<meta property=\"og:image\" content=\"https:\/\/luatminhhuy.com.vn\/wp-content\/uploads\/2022\/07\/Blue-Galaxy-Wallpapers-scaled.jpg\" \/>\n\t<meta property=\"og:image:width\" content=\"2560\" \/>\n\t<meta property=\"og:image:height\" content=\"1440\" \/>\n<meta name=\"twitter:card\" content=\"summary_large_image\" \/>\n<meta name=\"twitter:label1\" value=\"Written by\">\n\t<meta name=\"twitter:data1\" value=\"Minh Huy\">\n\t<meta name=\"twitter:label2\" value=\"Est. reading time\">\n\t<meta name=\"twitter:data2\" value=\"2 minutes\">\n<script type=\"application\/ld+json\" class=\"yoast-schema-graph\">{\"@context\":\"https:\/\/schema.org\",\"@graph\":[{\"@type\":\"WebSite\",\"@id\":\"https:\/\/luatminhhuy.com.vn\/#website\",\"url\":\"https:\/\/luatminhhuy.com.vn\/\",\"name\":\"V\\u0103n Ph\\u00f2ng Lu\\u1eadt S\\u01b0 Minh Huy\",\"description\":\"\",\"potentialAction\":[{\"@type\":\"SearchAction\",\"target\":\"https:\/\/luatminhhuy.com.vn\/?s={search_term_string}\",\"query-input\":\"required name=search_term_string\"}],\"inLanguage\":\"en-US\"},{\"@type\":\"ImageObject\",\"@id\":\"https:\/\/luatminhhuy.com.vn\/dan-su\/#primaryimage\",\"inLanguage\":\"en-US\",\"url\":\"https:\/\/luatminhhuy.com.vn\/wp-content\/uploads\/2022\/07\/Blue-Galaxy-Wallpapers-scaled.jpg\",\"width\":2560,\"height\":1440},{\"@type\":\"WebPage\",\"@id\":\"https:\/\/luatminhhuy.com.vn\/dan-su\/#webpage\",\"url\":\"https:\/\/luatminhhuy.com.vn\/dan-su\/\",\"name\":\"D\\u00c2N S\\u1ef0 - V\\u0103n Ph\\u00f2ng Lu\\u1eadt S\\u01b0 Minh Huy\",\"isPartOf\":{\"@id\":\"https:\/\/luatminhhuy.com.vn\/#website\"},\"primaryImageOfPage\":{\"@id\":\"https:\/\/luatminhhuy.com.vn\/dan-su\/#primaryimage\"},\"datePublished\":\"2022-07-08T07:38:13+00:00\",\"dateModified\":\"2022-07-20T08:31:55+00:00\",\"breadcrumb\":{\"@id\":\"https:\/\/luatminhhuy.com.vn\/dan-su\/#breadcrumb\"},\"inLanguage\":\"en-US\",\"potentialAction\":[{\"@type\":\"ReadAction\",\"target\":[\"https:\/\/luatminhhuy.com.vn\/dan-su\/\"]}]},{\"@type\":\"BreadcrumbList\",\"@id\":\"https:\/\/luatminhhuy.com.vn\/dan-su\/#breadcrumb\",\"itemListElement\":[{\"@type\":\"ListItem\",\"position\":1,\"item\":{\"@type\":\"WebPage\",\"@id\":\"https:\/\/luatminhhuy.com.vn\/\",\"url\":\"https:\/\/luatminhhuy.com.vn\/\",\"name\":\"Trang ch\\u1ee7\"}},{\"@type\":\"ListItem\",\"position\":2,\"item\":{\"@type\":\"WebPage\",\"@id\":\"https:\/\/luatminhhuy.com.vn\/dan-su\/\",\"url\":\"https:\/\/luatminhhuy.com.vn\/dan-su\/\",\"name\":\"D\\u00c2N S\\u1ef0\"}}]}]}<\/script>\n<!-- \/ Yoast SEO plugin. -->","_links":{"self":[{"href":"https:\/\/luatminhhuy.com.vn\/en\/wp-json\/wp\/v2\/pages\/557"}],"collection":[{"href":"https:\/\/luatminhhuy.com.vn\/en\/wp-json\/wp\/v2\/pages"}],"about":[{"href":"https:\/\/luatminhhuy.com.vn\/en\/wp-json\/wp\/v2\/types\/page"}],"author":[{"embeddable":true,"href":"https:\/\/luatminhhuy.com.vn\/en\/wp-json\/wp\/v2\/users\/1"}],"replies":[{"embeddable":true,"href":"https:\/\/luatminhhuy.com.vn\/en\/wp-json\/wp\/v2\/comments?post=557"}],"version-history":[{"count":8,"href":"https:\/\/luatminhhuy.com.vn\/en\/wp-json\/wp\/v2\/pages\/557\/revisions"}],"predecessor-version":[{"id":716,"href":"https:\/\/luatminhhuy.com.vn\/en\/wp-json\/wp\/v2\/pages\/557\/revisions\/716"}],"wp:featuredmedia":[{"embeddable":true,"href":"https:\/\/luatminhhuy.com.vn\/en\/wp-json\/wp\/v2\/media\/707"}],"wp:attachment":[{"href":"https:\/\/luatminhhuy.com.vn\/en\/wp-json\/wp\/v2\/media?parent=557"}],"curies":[{"name":"wp","href":"https:\/\/api.w.org\/{rel}","templated":true}]}}