{"id":19,"date":"2020-10-02T07:42:44","date_gmt":"2020-10-02T07:42:44","guid":{"rendered":"http:\/\/atpgrouptech.com\/thietbivesinhtlh\/?page_id=19"},"modified":"2022-07-09T01:03:55","modified_gmt":"2022-07-09T01:03:55","slug":"gioi-thieu","status":"publish","type":"page","link":"https:\/\/luatminhhuy.com.vn\/en\/gioi-thieu\/","title":{"rendered":"about english"},"content":{"rendered":"<p>[vc_row][vc_column width=&#8221;7\/12&#8243; el_class=&#8221;home-gt&#8221;][vc_column_text]<\/p>\n<h3 class=\"custom-title\">V\u0103n ph\u00f2ng Lu\u1eadt s\u01b0 Minh Huy<\/h3>\n<h4>\u0110o\u00e0n Lu\u1eadt S\u01b0 T\u1ec9nh B\u1eafc Giang<\/h4>\n<p>V\u0103n ph\u00f2ng Lu\u1eadt s\u01b0 Minh Huy \u0111\u01b0\u1ee3c th\u00e0nh l\u1eadp theo Gi\u1ea5y \u0111\u0103ng k\u00fd ho\u1ea1t \u0111\u1ed9ng s\u1ed1 20010052\/TP\/\u0110KH\u0110 do S\u1edf T\u01b0 ph\u00e1p t\u1ec9nh B\u1eafc Giang c\u1ea5p.<\/p>\n<p>\u0110\u1ecba ch\u1ec9 v\u0103n ph\u00f2ng: S\u1ed1 nh\u00e0 668 L\u00ea L\u1ee3i &#8211; Ho\u00e0ng V\u0103n Th\u1ee5 &#8211; TPBG<\/p>\n<p>Tr\u01b0\u1edfng V\u0103n ph\u00f2ng: Lu\u1eadt s\u01b0 Tr\u1ea7n V\u0103n Huy<\/p>\n<p>V\u0103n ph\u00f2ng Lu\u1eadt s\u01b0 Minh Huy c\u00f3 \u0111\u1ed9i ng\u0169 Lu\u1eadt s\u01b0 t\u00e2m huy\u1ebft v\u1edbi ngh\u1ec1, c\u00f3 ki\u1ebfn th\u1ee9c chuy\u00ean m\u00f4n v\u1eefng v\u00e0ng, c\u00f3 k\u1ef9 n\u0103ng ngh\u1ec1 nghi\u1ec7p s\u1eafc b\u00e9n, c\u00f3 nhi\u1ec1u kinh nghi\u1ec7m trong c\u00e1c l\u0129nh v\u1ef1c t\u01b0 v\u1ea5n ph\u00e1p lu\u1eadt, tham gia t\u1ed1 t\u1ee5ng \u0111\u00e1p \u1ee9ng \u0111\u01b0\u1ee3c nhu c\u1ea7u d\u1ecbch v\u1ee5 ph\u00e1p l\u00fd c\u1ee7a kh\u00e1ch h\u00e0ng l\u00e0 c\u00f4ng d\u00e2n, t\u1ed5 ch\u1ee9c, doanh nghi\u1ec7p trong ph\u1ea1m vi to\u00e0n qu\u1ed1c.<\/p>\n<p>Nguy\u00ean t\u1eafc h\u00e0nh ngh\u1ec1 Lu\u1eadt s\u01b0 c\u1ee7a ch\u00fang t\u00f4i:<\/p>\n<p>1. \u0110\u1eb7t l\u1ee3i \u00edch, s\u1ef1 h\u00e0i l\u00f2ng c\u1ee7a kh\u00e1ch h\u00e0ng l\u00ean h\u00e0ng \u0111\u1ea7u<\/p>\n<p>2. Uy t\u00edn, t\u1eadn t\u00e2m<\/p>\n<p>3. B\u1ea3o m\u1eadt th\u00f4ng tin kh\u00e1ch h\u00e0ng<\/p>\n<ul class=\"gt-li\">\n<li><a href=\"#\">Gi\u1ea3i \u0111\u00e1p m\u1ecdi th\u1eafc m\u1eafc v\u1ec1 lu\u1eadt cho b\u1ea1n<\/a><\/li>\n<li><a href=\"#\">lu\u00f4n s\u1eb5n s\u00e0ng h\u1ed7 tr\u1ee3 b\u1ea1n d\u00f9 \u1edf b\u1ea5t k\u1ef3 n\u01a1i \u0111\u00e2u<\/a><\/li>\n<li><a href=\"#\">Quy\u1ec1n l\u1ee3i c\u1ee7a B\u1ea1n lu\u00f4n \u0111\u01b0\u1ee3c \u0111\u1eb7t l\u00ean h\u00e0ng \u0111\u1ea7u<\/a><\/li>\n<li><a href=\"#\">Th\u00f4ng tin c\u00e1 nh\u00e2n c\u1ee7a B\u1ea1n lu\u00f4n \u0111\u01b0\u1ee3c b\u1ea3o m\u1eadt<\/a><\/li>\n<\/ul>\n<p>[\/vc_column_text][\/vc_column][vc_column width=&#8221;5\/12&#8243;][vc_single_image image=&#8221;523&#8243; img_size=&#8221;full&#8221;][\/vc_column][\/vc_row][vc_row][vc_column][vc_column_text]M\u1ee5c ti\u00eau h\u00e0nh ngh\u1ec1 Lu\u1eadt s\u01b0 c\u1ee7a ch\u00fang t\u00f4i:<br \/>\nPh\u00e1t huy cao \u0111\u1ed9 tr\u00ed tu\u1ec7, nhi\u1ec7t t\u00ecnh, l\u01b0\u01a1ng t\u00e2m v\u00e0 tr\u00e1ch nhi\u1ec7m ngh\u1ec1 nghi\u1ec7p c\u1ee7a Lu\u1eadt s\u01b0 V\u0103n ph\u00f2ng Lu\u1eadt s\u01b0 Minh Huy trong t\u1eebng t\u00ecnh hu\u1ed1ng, v\u1ee5 vi\u1ec7c, v\u1ee5 \u00e1n \u0111\u1ec3 b\u1ea3o v\u1ec7 quy\u1ec1n v\u00e0 l\u1ee3i \u00edch h\u1ee3p ph\u00e1p t\u1ed1t nh\u1ea5t cho kh\u00e1ch h\u00e0ng. Ki\u00ean quy\u1ebft \u0111\u1ea5u tranh v\u1edbi ti\u00eau c\u1ef1c trong ho\u1ea1t \u0111\u1ed9ng t\u01b0 ph\u00e1p, g\u00f3p ph\u1ea7n b\u1ea3o v\u1ec7 c\u00f4ng l\u00fd, b\u1ea3o v\u1ec7 ph\u00e1p ch\u1ebf x\u00e3 h\u1ed9i ch\u1ee7 ngh\u0129a, chung tay v\u00e0o s\u1ef1 nghi\u1ec7p ph\u00e1t tri\u1ec3n kinh t\u1ebf v\u00e0 x\u00e2y d\u1ef1ng x\u00e3 h\u1ed9i c\u00f4ng b\u1eb1ng, d\u00e2n ch\u1ee7, v\u0103n minh. Ch\u00fang t\u00f4i \u0111\u00e3 v\u00e0 \u0111ang n\u1ed7 l\u1ef1c ph\u1ea5n \u0111\u1ea5u h\u1ebft m\u00ecnh \u0111\u1ec3 \u0111\u00e1p \u1ee9ng t\u1ed1t nh\u1ea5t nhu c\u1ea7u d\u1ecbch v\u1ee5 ph\u00e1p l\u00fd c\u1ee7a kh\u00e1ch h\u00e0ng, x\u1ee9ng \u0111\u00e1ng v\u1edbi s\u1ef1 tin t\u01b0\u1edfng, t\u00edn nhi\u1ec7m c\u1ee7a kh\u00e1ch h\u00e0ng, x\u1ee9ng \u0111\u00e1ng v\u1edbi t\u00ean g\u1ecdi V\u0103n ph\u00f2ng Lu\u1eadt s\u01b0 Minh Huy &#8211; \u0111em l\u1ea1i nhi\u1ec1u ni\u1ec1m vui h\u1ea1nh ph\u00fac cho kh\u00e1ch h\u00e0ng!<br \/>\n[\/vc_column_text][\/vc_column][\/vc_row]<\/p>\n","protected":false},"excerpt":{"rendered":"<p>[vc_row][vc_column width=&#8221;7\/12&#8243; el_class=&#8221;home-gt&#8221;][vc_column_text] V\u0103n ph\u00f2ng Lu\u1eadt s\u01b0 Minh Huy \u0110o\u00e0n Lu\u1eadt S\u01b0 T\u1ec9nh B\u1eafc Giang V\u0103n ph\u00f2ng Lu\u1eadt s\u01b0 Minh Huy \u0111\u01b0\u1ee3c th\u00e0nh l\u1eadp theo Gi\u1ea5y \u0111\u0103ng k\u00fd ho\u1ea1t \u0111\u1ed9ng s\u1ed1 20010052\/TP\/\u0110KH\u0110 do S\u1edf T\u01b0 ph\u00e1p t\u1ec9nh B\u1eafc Giang c\u1ea5p. \u0110\u1ecba ch\u1ec9 v\u0103n ph\u00f2ng: S\u1ed1 nh\u00e0 668 L\u00ea L\u1ee3i &#8211; Ho\u00e0ng V\u0103n Th\u1ee5 &#8211; TPBG [&hellip;]<\/p>\n","protected":false},"author":1,"featured_media":549,"parent":0,"menu_order":0,"comment_status":"closed","ping_status":"closed","template":"cms-page.php","meta":[],"translation":{"provider":"WPGlobus","version":"2.5.22","language":"en","enabled_languages":["vi","en"],"languages":{"vi":{"title":true,"content":true,"excerpt":false},"en":{"title":true,"content":true,"excerpt":false}}},"yoast_head":"<!-- This site is optimized with the Yoast SEO plugin v15.2 - https:\/\/yoast.com\/wordpress\/plugins\/seo\/ -->\n<title>{:vi}Gi\u1edbi Thi\u1ec7u{:}{:en}about english{:} - V\u0103n Ph\u00f2ng Lu\u1eadt S\u01b0 Minh Huy<\/title>\n<meta name=\"robots\" content=\"index, follow, max-snippet:-1, max-image-preview:large, max-video-preview:-1\" \/>\n<link rel=\"canonical\" href=\"https:\/\/luatminhhuy.com.vn\/gioi-thieu\/\" \/>\n<meta property=\"og:locale\" content=\"en_US\" \/>\n<meta property=\"og:type\" content=\"article\" \/>\n<meta property=\"og:title\" content=\"{:vi}Gi\u1edbi Thi\u1ec7u{:}{:en}about english{:} - V\u0103n Ph\u00f2ng Lu\u1eadt S\u01b0 Minh Huy\" \/>\n<meta property=\"og:description\" content=\"[vc_row][vc_column width=&#8221;7\/12&#8243; el_class=&#8221;home-gt&#8221;][vc_column_text] V\u0103n ph\u00f2ng Lu\u1eadt s\u01b0 Minh Huy \u0110o\u00e0n Lu\u1eadt S\u01b0 T\u1ec9nh B\u1eafc Giang V\u0103n ph\u00f2ng Lu\u1eadt s\u01b0 Minh Huy \u0111\u01b0\u1ee3c th\u00e0nh l\u1eadp theo Gi\u1ea5y \u0111\u0103ng k\u00fd ho\u1ea1t \u0111\u1ed9ng s\u1ed1 20010052\/TP\/\u0110KH\u0110 do S\u1edf T\u01b0 ph\u00e1p t\u1ec9nh B\u1eafc Giang c\u1ea5p. \u0110\u1ecba ch\u1ec9 v\u0103n ph\u00f2ng: S\u1ed1 nh\u00e0 668 L\u00ea L\u1ee3i &#8211; Ho\u00e0ng V\u0103n Th\u1ee5 &#8211; TPBG [&hellip;]\" \/>\n<meta property=\"og:url\" content=\"https:\/\/luatminhhuy.com.vn\/gioi-thieu\/\" \/>\n<meta property=\"og:site_name\" content=\"V\u0103n Ph\u00f2ng Lu\u1eadt S\u01b0 Minh Huy\" \/>\n<meta property=\"article:publisher\" content=\"https:\/\/www.facebook.com\/Facovietnam\/\" \/>\n<meta property=\"article:modified_time\" content=\"2022-07-09T01:03:55+00:00\" \/>\n<meta property=\"og:image\" content=\"https:\/\/luatminhhuy.com.vn\/wp-content\/uploads\/2022\/07\/img1.jpg\" \/>\n\t<meta property=\"og:image:width\" content=\"1080\" \/>\n\t<meta property=\"og:image:height\" content=\"360\" \/>\n<meta name=\"twitter:card\" content=\"summary_large_image\" \/>\n<meta name=\"twitter:label1\" value=\"Written by\">\n\t<meta name=\"twitter:data1\" value=\"Minh Huy\">\n\t<meta name=\"twitter:label2\" value=\"Est. reading time\">\n\t<meta name=\"twitter:data2\" value=\"5 minutes\">\n<script type=\"application\/ld+json\" class=\"yoast-schema-graph\">{\"@context\":\"https:\/\/schema.org\",\"@graph\":[{\"@type\":\"WebSite\",\"@id\":\"https:\/\/luatminhhuy.com.vn\/#website\",\"url\":\"https:\/\/luatminhhuy.com.vn\/\",\"name\":\"V\\u0103n Ph\\u00f2ng Lu\\u1eadt S\\u01b0 Minh Huy\",\"description\":\"\",\"potentialAction\":[{\"@type\":\"SearchAction\",\"target\":\"https:\/\/luatminhhuy.com.vn\/?s={search_term_string}\",\"query-input\":\"required name=search_term_string\"}],\"inLanguage\":\"en-US\"},{\"@type\":\"ImageObject\",\"@id\":\"https:\/\/luatminhhuy.com.vn\/gioi-thieu\/#primaryimage\",\"inLanguage\":\"en-US\",\"url\":\"https:\/\/luatminhhuy.com.vn\/wp-content\/uploads\/2022\/07\/img1.jpg\",\"width\":1080,\"height\":360},{\"@type\":\"WebPage\",\"@id\":\"https:\/\/luatminhhuy.com.vn\/gioi-thieu\/#webpage\",\"url\":\"https:\/\/luatminhhuy.com.vn\/gioi-thieu\/\",\"name\":\"about english - V\\u0103n Ph\\u00f2ng Lu\\u1eadt S\\u01b0 Minh Huy\",\"isPartOf\":{\"@id\":\"https:\/\/luatminhhuy.com.vn\/#website\"},\"primaryImageOfPage\":{\"@id\":\"https:\/\/luatminhhuy.com.vn\/gioi-thieu\/#primaryimage\"},\"datePublished\":\"2020-10-02T07:42:44+00:00\",\"dateModified\":\"2022-07-09T01:03:55+00:00\",\"breadcrumb\":{\"@id\":\"https:\/\/luatminhhuy.com.vn\/gioi-thieu\/#breadcrumb\"},\"inLanguage\":\"en-US\",\"potentialAction\":[{\"@type\":\"ReadAction\",\"target\":[\"https:\/\/luatminhhuy.com.vn\/gioi-thieu\/\"]}]},{\"@type\":\"BreadcrumbList\",\"@id\":\"https:\/\/luatminhhuy.com.vn\/gioi-thieu\/#breadcrumb\",\"itemListElement\":[{\"@type\":\"ListItem\",\"position\":1,\"item\":{\"@type\":\"WebPage\",\"@id\":\"https:\/\/luatminhhuy.com.vn\/\",\"url\":\"https:\/\/luatminhhuy.com.vn\/\",\"name\":\"Trang ch\\u1ee7\"}},{\"@type\":\"ListItem\",\"position\":2,\"item\":{\"@type\":\"WebPage\",\"@id\":\"https:\/\/luatminhhuy.com.vn\/gioi-thieu\/\",\"url\":\"https:\/\/luatminhhuy.com.vn\/gioi-thieu\/\",\"name\":\"Gi\\u1edbi Thi\\u1ec7u\"}}]}]}<\/script>\n<!-- \/ Yoast SEO plugin. -->","_links":{"self":[{"href":"https:\/\/luatminhhuy.com.vn\/en\/wp-json\/wp\/v2\/pages\/19"}],"collection":[{"href":"https:\/\/luatminhhuy.com.vn\/en\/wp-json\/wp\/v2\/pages"}],"about":[{"href":"https:\/\/luatminhhuy.com.vn\/en\/wp-json\/wp\/v2\/types\/page"}],"author":[{"embeddable":true,"href":"https:\/\/luatminhhuy.com.vn\/en\/wp-json\/wp\/v2\/users\/1"}],"replies":[{"embeddable":true,"href":"https:\/\/luatminhhuy.com.vn\/en\/wp-json\/wp\/v2\/comments?post=19"}],"version-history":[{"count":14,"href":"https:\/\/luatminhhuy.com.vn\/en\/wp-json\/wp\/v2\/pages\/19\/revisions"}],"predecessor-version":[{"id":578,"href":"https:\/\/luatminhhuy.com.vn\/en\/wp-json\/wp\/v2\/pages\/19\/revisions\/578"}],"wp:featuredmedia":[{"embeddable":true,"href":"https:\/\/luatminhhuy.com.vn\/en\/wp-json\/wp\/v2\/media\/549"}],"wp:attachment":[{"href":"https:\/\/luatminhhuy.com.vn\/en\/wp-json\/wp\/v2\/media?parent=19"}],"curies":[{"name":"wp","href":"https:\/\/api.w.org\/{rel}","templated":true}]}}