{"id":14,"date":"2020-10-02T07:06:41","date_gmt":"2020-10-02T07:06:41","guid":{"rendered":"http:\/\/atpgrouptech.com\/thietbivesinhtlh\/?page_id=14"},"modified":"2022-12-07T08:51:32","modified_gmt":"2022-12-07T08:51:32","slug":"trang-chu","status":"publish","type":"page","link":"https:\/\/luatminhhuy.com.vn\/en\/","title":{"rendered":"Home"},"content":{"rendered":"<p>[vc_row][vc_column width=&#8221;7\/12&#8243; el_class=&#8221;home-gt&#8221;][vc_column_text]<\/p>\n<h3 class=\"custom-title\">V\u0103n ph\u00f2ng Lu\u1eadt s\u01b0 Minh Huy<\/h3>\n<h4>\u0110o\u00e0n Lu\u1eadt S\u01b0 T\u1ec9nh B\u1eafc Giang<\/h4>\n<p>V\u0103n ph\u00f2ng Lu\u1eadt s\u01b0 Minh Huy \u0111\u01b0\u1ee3c th\u00e0nh l\u1eadp theo Gi\u1ea5y \u0111\u0103ng k\u00fd ho\u1ea1t \u0111\u1ed9ng s\u1ed1 20010052\/TP\/\u0110KH\u0110 do S\u1edf T\u01b0 ph\u00e1p t\u1ec9nh B\u1eafc Giang c\u1ea5p.<\/p>\n<p>\u0110\u1ecba ch\u1ec9 v\u0103n ph\u00f2ng: S\u1ed1 nh\u00e0 668 L\u00ea L\u1ee3i &#8211; Ho\u00e0ng V\u0103n Th\u1ee5 &#8211; TPBG<\/p>\n<p>Tr\u01b0\u1edfng V\u0103n ph\u00f2ng: Lu\u1eadt s\u01b0 Tr\u1ea7n V\u0103n Huy<\/p>\n<p>V\u0103n ph\u00f2ng Lu\u1eadt s\u01b0 Minh Huy c\u00f3 \u0111\u1ed9i ng\u0169 Lu\u1eadt s\u01b0 t\u00e2m huy\u1ebft v\u1edbi ngh\u1ec1, c\u00f3 ki\u1ebfn th\u1ee9c chuy\u00ean m\u00f4n v\u1eefng v\u00e0ng, c\u00f3 k\u1ef9 n\u0103ng ngh\u1ec1 nghi\u1ec7p s\u1eafc b\u00e9n, c\u00f3 nhi\u1ec1u kinh nghi\u1ec7m trong c\u00e1c l\u0129nh v\u1ef1c t\u01b0 v\u1ea5n ph\u00e1p lu\u1eadt, tham gia t\u1ed1 t\u1ee5ng \u0111\u00e1p \u1ee9ng \u0111\u01b0\u1ee3c nhu c\u1ea7u d\u1ecbch v\u1ee5 ph\u00e1p l\u00fd c\u1ee7a kh\u00e1ch h\u00e0ng l\u00e0 c\u00f4ng d\u00e2n, t\u1ed5 ch\u1ee9c, doanh nghi\u1ec7p trong ph\u1ea1m vi to\u00e0n qu\u1ed1c.<\/p>\n<p>Nguy\u00ean t\u1eafc h\u00e0nh ngh\u1ec1 Lu\u1eadt s\u01b0 c\u1ee7a ch\u00fang t\u00f4i:<\/p>\n<p>1. \u0110\u1eb7t l\u1ee3i \u00edch, s\u1ef1 h\u00e0i l\u00f2ng c\u1ee7a kh\u00e1ch h\u00e0ng l\u00ean h\u00e0ng \u0111\u1ea7u<\/p>\n<p>2. Uy t\u00edn, t\u1eadn t\u00e2m<\/p>\n<p>3. B\u1ea3o m\u1eadt th\u00f4ng tin kh\u00e1ch h\u00e0ng<br \/>\n<a href=\"\/gioi-thieu\/\">\u0110\u1ecdc th\u00eam&#8230;<\/a><\/p>\n<ul class=\"gt-li\">\n<li><a href=\"#\">Gi\u1ea3i \u0111\u00e1p m\u1ecdi th\u1eafc m\u1eafc v\u1ec1 lu\u1eadt cho b\u1ea1n<\/a><\/li>\n<li><a href=\"#\">lu\u00f4n s\u1eb5n s\u00e0ng h\u1ed7 tr\u1ee3 b\u1ea1n d\u00f9 \u1edf b\u1ea5t k\u1ef3 n\u01a1i \u0111\u00e2u<\/a><\/li>\n<li><a href=\"#\">Quy\u1ec1n l\u1ee3i c\u1ee7a B\u1ea1n lu\u00f4n \u0111\u01b0\u1ee3c \u0111\u1eb7t l\u00ean h\u00e0ng \u0111\u1ea7u<\/a><\/li>\n<li><a href=\"#\">Th\u00f4ng tin c\u00e1 nh\u00e2n c\u1ee7a B\u1ea1n lu\u00f4n \u0111\u01b0\u1ee3c b\u1ea3o m\u1eadt<\/a><\/li>\n<\/ul>\n<div class=\"chuky\"><img loading=\"lazy\" class=\"alignnone size-full wp-image-630\" src=\"http:\/\/luatminhhuy.com.vn\/wp-content\/uploads\/2022\/07\/chu-ky.png\" alt=\"\" width=\"500\" height=\"150\" srcset=\"https:\/\/luatminhhuy.com.vn\/wp-content\/uploads\/2022\/07\/chu-ky.png 500w, https:\/\/luatminhhuy.com.vn\/wp-content\/uploads\/2022\/07\/chu-ky-300x90.png 300w\" sizes=\"(max-width: 500px) 100vw, 500px\" \/><\/div>\n<p>[\/vc_column_text][\/vc_column][vc_column width=&#8221;5\/12&#8243;][vc_single_image image=&#8221;523&#8243; img_size=&#8221;full&#8221;][\/vc_column][\/vc_row][vc_row][vc_column][vc_column_text]<\/p>\n<h3 class=\"custom-title\">L\u0129nh v\u1ef1c ho\u1ea1t \u0111\u1ed9ng c\u1ee7a lu\u1eadt minh huy<\/h3>\n<p>[\/vc_column_text][\/vc_column][\/vc_row][vc_row el_class=&#8221;home-3box&#8221;][vc_column width=&#8221;1\/3&#8243; el_class=&#8221;h3box-1&#8243;][vc_raw_html]JTNDZGl2JTIwY2xhc3MlM0QlMjJibG9jay1pY29uJTIyJTNFJTNDaSUyMGNsYXNzJTNEJTIyZmEtc29saWQlMjBmYS1zY2FsZS1iYWxhbmNlZCUyMiUzRSUzQyUyRmklM0UlM0MlMkZkaXYlM0UlMEElM0NkaXYlMjBjbGFzcyUzRCUyMmJsb2NrLXRpdGxlJTIyJTNFJTBBJTA5JTNDaDMlM0UlM0NhJTIwaHJlZiUzRCUyMmh0dHBzJTNBJTJGJTJGbHVhdG1pbmhodXkuY29tLnZuJTJGbHVhdC1oaW5oLXN1JTJGJTIyJTNFSCVDMyVBQ25oJTIwUyVFMSVCQiVCMSUzQyUyRmElM0UlM0MlMkZoMyUzRSUwQSUwOSUzQ3AlM0VIJUMzJUFDbmglMjBzJUUxJUJCJUIxJTIwbCVDMyVBMCUyMG0lRTElQkIlOTl0JTIwdHJvbmclMjBuaCVFMSVCQiVBRm5nJTIwbCVDNCVBOW5oJTIwdiVFMSVCQiVCMWMlMjBoJUUxJUJCJThEYXQlMjAlQzQlOTElRTElQkIlOTluZyUyMGNoJUMzJUFEbmglMjB2JUMzJUEwJTIwYyVDNSVBOW5nJTIwbCVDMyVBMCUyMCVDNCU5MWklRTElQkIlODNtJTIwbSVFMSVCQSVBMW5oJTIwYyVFMSVCQiVBN2ElMjBWJUM0JTgzbiUyMHBoJUMzJUIybmclMjBsdSVFMSVCQSVBRHQlMjBzJUM2JUIwJTIwTWluaCUyMEh1eSUzQyUyRnAlM0UlMEElM0MlMkZkaXYlM0U=[\/vc_raw_html][vc_raw_html]JTNDZGl2JTIwY2xhc3MlM0QlMjJibG9jay1pY29uJTIyJTNFJTNDaSUyMGNsYXNzJTNEJTIyZmEtc29saWQlMjBmYS1ob3VzZS1jaXJjbGUtY2hlY2slMjIlM0UlM0MlMkZpJTNFJTNDJTJGZGl2JTNFJTBBJTNDZGl2JTIwY2xhc3MlM0QlMjJibG9jay10aXRsZSUyMiUzRSUwQSUwOSUzQ2gzJTNFJTNDYSUyMGhyZWYlM0QlMjJodHRwcyUzQSUyRiUyRmx1YXRtaW5oaHV5LmNvbS52biUyRmx1YXQtZGF0LWRhaSUyRiUyMiUzRSVDNCU5MCVFMSVCQSVBNXQlMjAlQzQlOTFhaSUzQyUyRmElM0UlM0MlMkZoMyUzRSUwQSUwOSUzQ3AlM0VWJUUxJUJCJTlCaSUyMG5oaSVFMSVCQiU4MXUlMjBuJUM0JTgzbSUyMGtpbmglMjBuZ2hpJUUxJUJCJTg3bSUyMHRyb25nJTIwbCVDNCVBOW5oJTIwdiVFMSVCQiVCMWMlMjAlQzQlOTElRTElQkElQTV0JTIwJUM0JTkxYWklMkMlMjAlQzQlOTElRTElQkIlOTlpJTIwbmclQzUlQTklMjBsdSVFMSVCQSVBRHQlMjBzJUM2JUIwJTIwYyVFMSVCQiVBN2ElMjB2cGxzJTIwTWluaCUyMEh1eSUyMCVDNCU5MSVDMyVBMyUyMHRoYW0lMjBnaWElMjBiJUUxJUJBJUEzbyUyMHYlRTElQkIlODcuLi4lM0MlMkZwJTNFJTBBJTNDJTJGZGl2JTNF[\/vc_raw_html][\/vc_column][vc_column width=&#8221;1\/3&#8243; el_class=&#8221;h3box-2&#8243;][vc_raw_html]JTNDZGl2JTIwY2xhc3MlM0QlMjJibG9jay1pY29uJTIyJTNFJTNDaSUyMGNsYXNzJTNEJTIyZmEtc29saWQlMjBmYS1idWlsZGluZy1jb2x1bW5zJTIyJTNFJTNDJTJGaSUzRSUzQyUyRmRpdiUzRSUwQSUzQ2RpdiUyMGNsYXNzJTNEJTIyYmxvY2stdGl0bGUlMjIlM0UlMEElMDklM0NoMyUzRSUzQ2ElMjBocmVmJTNEJTIyaHR0cHMlM0ElMkYlMkZsdWF0bWluaGh1eS5jb20udm4lMkZsdWF0LWRhbi1zdSUyRiUyMiUzRUQlQzMlQTJuJTIwUyVFMSVCQiVCMSUzQyUyRmElM0UlM0MlMkZoMyUzRSUwQSUwOSUzQ3AlM0VWJUM0JTgzbiUyMHBoJUMzJUIybmclMjBsdSVFMSVCQSVBRHQlMjBzJUM2JUIwJTIwTWluaCUyMEh1eSUyMGN1bmclMjBjJUUxJUJBJUE1cCUyMGQlRTElQkIlOEJjaCUyMHYlRTElQkIlQTUlMjBwaCVDMyVBMXAlMjBsJUMzJUJEJTIwdHJvbmclMjBsJUM0JUE5bmglMjB2JUUxJUJCJUIxYyUyMEQlQzMlQTJuJTIwcyVFMSVCQiVCMSUyMG5oJUM2JUIwJTIwdGglRTElQkIlQUJhJTIwayVFMSVCQSVCRiUyQyUyMCVDNCU5MSVFMSVCQSVBNXQlMjAlQzQlOTFhaSUyQyUyMGglQzMlQjRuJTIwbmglQzMlQTJuLi4uJTNDJTJGcCUzRSUwQSUzQyUyRmRpdiUzRQ==[\/vc_raw_html][vc_raw_html]JTNDZGl2JTIwY2xhc3MlM0QlMjJibG9jay1pY29uJTIyJTNFJTNDaSUyMGNsYXNzJTNEJTIyZmEtc29saWQlMjBmYS11c2VycyUyMiUzRSUzQyUyRmklM0UlM0MlMkZkaXYlM0UlMEElM0NkaXYlMjBjbGFzcyUzRCUyMmJsb2NrLXRpdGxlJTIyJTNFJTBBJTA5JTNDaDMlM0UlM0NhJTIwaHJlZiUzRCUyMiUyMyUyMiUzRVRoJUUxJUJCJUFCYSUyMGslRTElQkElQkYlM0MlMkZhJTNFJTNDJTJGaDMlM0UlMEElMDklM0NwJTNFViVFMSVCQiU5QmklMjBuaGklRTElQkIlODF1JTIwbiVDNCU4M20lMjBraW5oJTIwbmdoaSVFMSVCQiU4N20lMjB0cm9uZyUyMGwlQzQlQTluaCUyMHYlRTElQkIlQjFjJTIwJUM0JTkxJUUxJUJBJUE1dCUyMCVDNCU5MWFpJTJDJTIwJUM0JTkxJUUxJUJCJTk5aSUyMG5nJUM1JUE5JTIwbHUlRTElQkElQUR0JTIwcyVDNiVCMCUyMGMlRTElQkIlQTdhJTIwdnBscyUyME1pbmglMjBIdXklMjAlQzQlOTElQzMlQTMlMjB0aGFtJTIwZ2lhJTIwYiVFMSVCQSVBM28lMjB2JUUxJUJCJTg3Li4uJTNDJTJGcCUzRSUwQSUzQyUyRmRpdiUzRQ==[\/vc_raw_html][\/vc_column][vc_column width=&#8221;1\/3&#8243;][vc_raw_html]JTNDZGl2JTIwY2xhc3MlM0QlMjJibG9jay1pY29uJTIyJTNFJTNDaSUyMGNsYXNzJTNEJTIyZmEtc29saWQlMjBmYS1oZWFydC1wdWxzZSUyMiUzRSUzQyUyRmklM0UlM0MlMkZkaXYlM0UlMEElM0NkaXYlMjBjbGFzcyUzRCUyMmJsb2NrLXRpdGxlJTIyJTNFJTBBJTA5JTNDaDMlM0UlM0NhJTIwaHJlZiUzRCUyMmh0dHBzJTNBJTJGJTJGbHVhdG1pbmhodXkuY29tLnZuJTJGaG9uLW5oYW4tZ2lhLWRpbmglMkYlMjIlM0VIJUMzJUI0biUyMG5oJUMzJUEybiUyMGdpYSUyMCVDNCU5MSVDMyVBQ25oJTNDJTJGYSUzRSUzQyUyRmgzJTNFJTBBJTA5JTNDcCUzRUx1JUUxJUJBJUFEdCUyME1pbmglMjBIdXklMjAlQzQlOTElQzMlQTMlMjBjJUMzJUIzJTIwbmhpJUUxJUJCJTgxdSUyMGtpbmglMjBuZ2hpJUUxJUJCJTg3bSUyMHRyb25nJTIweCVFMSVCQiVBRCUyMGwlQzMlQkQlMjBjJUMzJUExYyUyMHYlRTElQkIlQTUlMjBsaSVDMyVBQW4lMjBxdWFuJTIwJUM0JTkxJUUxJUJBJUJGbiUyMGglQzMlQjRuJTIwbmglQzMlQTJuJTIwZ2lhJTIwJUM0JTkxJUMzJUFDbmguLi4lM0MlMkZwJTNFJTBBJTNDJTJGZGl2JTNF[\/vc_raw_html][vc_raw_html]JTNDZGl2JTIwY2xhc3MlM0QlMjJibG9jay1pY29uJTIyJTNFJTNDaSUyMGNsYXNzJTNEJTIyZmEtc29saWQlMjBmYS1icmllZmNhc2UlMjIlM0UlM0MlMkZpJTNFJTNDJTJGZGl2JTNFJTBBJTNDZGl2JTIwY2xhc3MlM0QlMjJibG9jay10aXRsZSUyMiUzRSUwQSUwOSUzQ2gzJTNFJTNDYSUyMGhyZWYlM0QlMjJodHRwcyUzQSUyRiUyRmx1YXRtaW5oaHV5LmNvbS52biUyRmx1YXQtZG9hbmgtbmdoaWVwJTJGJTIyJTNFRG9hbmglMjBuZ2hpJUUxJUJCJTg3cCUzQyUyRmElM0UlM0MlMkZoMyUzRSUwQSUwOSUzQ3AlM0VWcGxzJTIwTWluaCUyMEh1eSUyMGx1JUMzJUI0biUyMHF1YW4lMjB0JUMzJUEybSUyMCVDNCU5MSVFMSVCQSVCRm4lMjBjJUMzJUExYyUyMHYlRTElQkElQTVuJTIwJUM0JTkxJUUxJUJCJTgxJTIwcGglQzMlQTFwJTIwbCVDMyVCRCUyMGMlRTElQkIlQTdhJTIwZG9hbmglMjBuZ2hpJUUxJUJCJTg3cCUyMCUyMCVDNCU5MSVFMSVCQiU4MyUyMCVDNCU5MSVDNiVCMGElMjByYSUyMGMlQzMlQTFjJTIwZ2klRTElQkElQTNpJTIwcGglQzMlQTFwJTIwcGglQzMlQTFwJTIwbCVDMyVCRCUyMGhpJUUxJUJCJTg3dSUyMHF1JUUxJUJBJUEzJTNDJTJGcCUzRSUwQSUzQyUyRmRpdiUzRQ==[\/vc_raw_html][\/vc_column][\/vc_row][vc_row][vc_column][vc_column_text]<\/p>\n<h3 class=\"custom-title\">T\u00f4n ch\u1ec9 ho\u1ea1t \u0111\u1ed9ng<\/h3>\n<p>[\/vc_column_text][\/vc_column][\/vc_row][vc_row el_class=&#8221;tonchi&#8221;][vc_column][vc_column_text]Ph\u01b0\u01a1ng ch\u00e2m ho\u1ea1t \u0111\u1ed9ng c\u1ee7a Lu\u1eadt Minh Huy l\u00e0 T\u1eadn t\u00e2m v\u00ec kh\u00e1ch h\u00e0ng &#8211; T\u1eadn t\u1ee5y v\u1edbi c\u00f4ng vi\u1ec7c. V\u1edbi \u0111\u1ed9i ng\u0169 lu\u1eadt s\u01b0 c\u00f3 chuy\u00ean m\u00f4n cao v\u00e0 nhi\u1ec1u kinh nghi\u00eam c\u00f9ng s\u1ef1 k\u1ebft h\u1ee3p, h\u1ed7 tr\u1ee3 gi\u1eefa c\u00e1c lu\u1eadt s\u01b0 trong nhi\u1ec1u l\u0129nh v\u1ef1c kh\u00e1c nhau, Lu\u1eadt Minh Huy lu\u00f4n nh\u1eadn th\u1ee9c \u0111\u1ea7y \u0111\u1ee7 v\u1ec1 tr\u00e1ch nhi\u1ec7m, l\u01b0\u01a1ng t\u00e2m ngh\u1ec1 nghi\u1ec7p c\u1ee7a m\u00ecnh v\u00e0 cam k\u1ebft kh\u00f4ng ng\u1eebng n\u00e2ng cao ch\u1ea5t l\u01b0\u1ee3ng d\u1ecbch v\u1ee5 ph\u00e1p l\u00fd, nh\u1eb1m t\u1ea1o ra k\u1ebft qu\u1ea3 tuy\u1ec7t v\u1eddi cho kh\u00e1ch h\u00e0ng c\u1ee7a ch\u00fang t\u00f4i.[\/vc_column_text][\/vc_column][\/vc_row]<\/p>\n","protected":false},"excerpt":{"rendered":"<p>[vc_row][vc_column width=&#8221;7\/12&#8243; el_class=&#8221;home-gt&#8221;][vc_column_text] V\u0103n ph\u00f2ng Lu\u1eadt s\u01b0 Minh Huy \u0110o\u00e0n Lu\u1eadt S\u01b0 T\u1ec9nh B\u1eafc Giang V\u0103n ph\u00f2ng Lu\u1eadt s\u01b0 Minh Huy \u0111\u01b0\u1ee3c th\u00e0nh l\u1eadp theo Gi\u1ea5y \u0111\u0103ng k\u00fd ho\u1ea1t \u0111\u1ed9ng s\u1ed1 20010052\/TP\/\u0110KH\u0110 do S\u1edf T\u01b0 ph\u00e1p t\u1ec9nh B\u1eafc Giang c\u1ea5p. \u0110\u1ecba ch\u1ec9 v\u0103n ph\u00f2ng: S\u1ed1 nh\u00e0 668 L\u00ea L\u1ee3i &#8211; Ho\u00e0ng V\u0103n Th\u1ee5 &#8211; TPBG [&hellip;]<\/p>\n","protected":false},"author":1,"featured_media":0,"parent":0,"menu_order":0,"comment_status":"closed","ping_status":"closed","template":"homepage.php","meta":[],"translation":{"provider":"WPGlobus","version":"2.5.22","language":"en","enabled_languages":["vi","en"],"languages":{"vi":{"title":true,"content":true,"excerpt":false},"en":{"title":true,"content":true,"excerpt":false}}},"yoast_head":"<!-- This site is optimized with the Yoast SEO plugin v15.2 - https:\/\/yoast.com\/wordpress\/plugins\/seo\/ -->\n<title>V\u0103n Ph\u00f2ng Lu\u1eadt S\u01b0 Minh Huy - T\u01b0 V\u1ea5n Lu\u1eadt T\u1ea1i B\u1eafc Giang<\/title>\n<meta name=\"robots\" content=\"index, follow, max-snippet:-1, max-image-preview:large, max-video-preview:-1\" \/>\n<link rel=\"canonical\" href=\"https:\/\/luatminhhuy.com.vn\/\" \/>\n<meta property=\"og:locale\" content=\"en_US\" \/>\n<meta property=\"og:type\" content=\"article\" \/>\n<meta property=\"og:title\" content=\"V\u0103n Ph\u00f2ng Lu\u1eadt S\u01b0 Minh Huy - T\u01b0 V\u1ea5n Lu\u1eadt T\u1ea1i B\u1eafc Giang\" \/>\n<meta property=\"og:description\" content=\"V\u0103n Ph\u00f2ng Lu\u1eadt S\u01b0 Minh Huy - D\u1ecbch v\u1ee5 t\u01b0 v\u1ea5n lu\u1eadt\" \/>\n<meta property=\"og:url\" content=\"https:\/\/luatminhhuy.com.vn\/\" \/>\n<meta property=\"og:site_name\" content=\"V\u0103n Ph\u00f2ng Lu\u1eadt S\u01b0 Minh Huy\" \/>\n<meta property=\"article:publisher\" content=\"https:\/\/www.facebook.com\/Facovietnam\/\" \/>\n<meta property=\"article:modified_time\" content=\"2022-12-07T08:51:32+00:00\" \/>\n<meta property=\"og:image\" content=\"http:\/\/luatminhhuy.com.vn\/wp-content\/uploads\/2022\/07\/chu-ky.png\" \/>\n<meta name=\"twitter:card\" content=\"summary_large_image\" \/>\n<meta name=\"twitter:label1\" value=\"Written by\">\n\t<meta name=\"twitter:data1\" value=\"Minh Huy\">\n\t<meta name=\"twitter:label2\" value=\"Est. reading time\">\n\t<meta name=\"twitter:data2\" value=\"8 minutes\">\n<script type=\"application\/ld+json\" class=\"yoast-schema-graph\">{\"@context\":\"https:\/\/schema.org\",\"@graph\":[{\"@type\":\"WebSite\",\"@id\":\"https:\/\/luatminhhuy.com.vn\/#website\",\"url\":\"https:\/\/luatminhhuy.com.vn\/\",\"name\":\"V\\u0103n Ph\\u00f2ng Lu\\u1eadt S\\u01b0 Minh Huy\",\"description\":\"\",\"potentialAction\":[{\"@type\":\"SearchAction\",\"target\":\"https:\/\/luatminhhuy.com.vn\/?s={search_term_string}\",\"query-input\":\"required name=search_term_string\"}],\"inLanguage\":\"en-US\"},{\"@type\":\"ImageObject\",\"@id\":\"https:\/\/luatminhhuy.com.vn\/#primaryimage\",\"inLanguage\":\"en-US\",\"url\":\"http:\/\/luatminhhuy.com.vn\/wp-content\/uploads\/2022\/07\/chu-ky.png\"},{\"@type\":\"WebPage\",\"@id\":\"https:\/\/luatminhhuy.com.vn\/#webpage\",\"url\":\"https:\/\/luatminhhuy.com.vn\/\",\"name\":\"V\\u0103n Ph\\u00f2ng Lu\\u1eadt S\\u01b0 Minh Huy - T\\u01b0 V\\u1ea5n Lu\\u1eadt T\\u1ea1i B\\u1eafc Giang\",\"isPartOf\":{\"@id\":\"https:\/\/luatminhhuy.com.vn\/#website\"},\"primaryImageOfPage\":{\"@id\":\"https:\/\/luatminhhuy.com.vn\/#primaryimage\"},\"datePublished\":\"2020-10-02T07:06:41+00:00\",\"dateModified\":\"2022-12-07T08:51:32+00:00\",\"description\":\"V\\u0103n Ph\\u00f2ng Lu\\u1eadt S\\u01b0 Minh Huy - D\\u1ecbch v\\u1ee5 t\\u01b0 v\\u1ea5n lu\\u1eadt\",\"breadcrumb\":{\"@id\":\"https:\/\/luatminhhuy.com.vn\/#breadcrumb\"},\"inLanguage\":\"en-US\",\"potentialAction\":[{\"@type\":\"ReadAction\",\"target\":[\"https:\/\/luatminhhuy.com.vn\/\"]}]},{\"@type\":\"BreadcrumbList\",\"@id\":\"https:\/\/luatminhhuy.com.vn\/#breadcrumb\",\"itemListElement\":[{\"@type\":\"ListItem\",\"position\":1,\"item\":{\"@type\":\"WebPage\",\"@id\":\"https:\/\/luatminhhuy.com.vn\/\",\"url\":\"https:\/\/luatminhhuy.com.vn\/\",\"name\":\"Trang ch\\u1ee7\"}},{\"@type\":\"ListItem\",\"position\":2,\"item\":{\"@type\":\"WebPage\",\"@id\":\"https:\/\/luatminhhuy.com.vn\/\",\"url\":\"https:\/\/luatminhhuy.com.vn\/\",\"name\":\"Trang Ch\\u1ee7\"}}]}]}<\/script>\n<!-- \/ Yoast SEO plugin. -->","_links":{"self":[{"href":"https:\/\/luatminhhuy.com.vn\/en\/wp-json\/wp\/v2\/pages\/14"}],"collection":[{"href":"https:\/\/luatminhhuy.com.vn\/en\/wp-json\/wp\/v2\/pages"}],"about":[{"href":"https:\/\/luatminhhuy.com.vn\/en\/wp-json\/wp\/v2\/types\/page"}],"author":[{"embeddable":true,"href":"https:\/\/luatminhhuy.com.vn\/en\/wp-json\/wp\/v2\/users\/1"}],"replies":[{"embeddable":true,"href":"https:\/\/luatminhhuy.com.vn\/en\/wp-json\/wp\/v2\/comments?post=14"}],"version-history":[{"count":105,"href":"https:\/\/luatminhhuy.com.vn\/en\/wp-json\/wp\/v2\/pages\/14\/revisions"}],"predecessor-version":[{"id":1278,"href":"https:\/\/luatminhhuy.com.vn\/en\/wp-json\/wp\/v2\/pages\/14\/revisions\/1278"}],"wp:attachment":[{"href":"https:\/\/luatminhhuy.com.vn\/en\/wp-json\/wp\/v2\/media?parent=14"}],"curies":[{"name":"wp","href":"https:\/\/api.w.org\/{rel}","templated":true}]}}